{"id":15623,"date":"2024-11-27T16:16:51","date_gmt":"2024-11-27T14:16:51","guid":{"rendered":"https:\/\/www.ntvsys.de\/wp\/produkt\/kingston-fury-renegade-rgb-ddr4-kit-32-gb-2-x-16-gb-dimm-288-pin-3600-mhz-pc4-28800-cl16-1-35-v-ungepuffert-non-ecc-schwarz\/"},"modified":"2026-02-08T13:13:15","modified_gmt":"2026-02-08T11:13:15","slug":"kingston-fury-renegade-rgb-ddr4-kit-32-gb-2-x-16-gb-dimm-288-pin-3600-mhz-pc4-28800-cl16-1-35-v-ungepuffert-non-ecc-schwarz","status":"publish","type":"product","link":"https:\/\/www.ntvsys.de\/wp\/produkt\/kingston-fury-renegade-rgb-ddr4-kit-32-gb-2-x-16-gb-dimm-288-pin-3600-mhz-pc4-28800-cl16-1-35-v-ungepuffert-non-ecc-schwarz\/","title":{"rendered":"Kingston Technology FURY 32GB 3600MT\/s DDR4 CL16 DIMM (2er-Kit) 1Gx8 Renegade RGB"},"content":{"rendered":"<p>Kingston Technology FURY 32GB 3600MT\/s DDR4 CL16 DIMM (2er-Kit) 1Gx8 Renegade RGB. Komponente f\u00fcr: PC, Speicherkapazit\u00e4t: 32 GB, Speicherlayout (Module x Gr\u00f6\u00dfe): 2 x 16 GB, Interner Speichertyp: DDR4, Speichertaktfrequenz: 1800 MHz, Memory Formfaktor: 288-pin DIMM, CAS Latenz: 16<\/p>\n","protected":false},"excerpt":{"rendered":"<p>Kingston Technology FURY 32GB 3600MT\/s DDR4 CL16 DIMM (2er-Kit) 1Gx8 Renegade RGB, 32 GB, 2 x 16 GB, DDR4, 1800 MHz, 288-pin DIMM<\/p>\n","protected":false},"featured_media":17273,"comment_status":"open","ping_status":"closed","template":"","meta":[],"product_brand":[],"product_cat":[1166],"product_tag":[],"class_list":{"0":"post-15623","1":"product","2":"type-product","3":"status-publish","4":"has-post-thumbnail","6":"product_cat-speicher","8":"first","9":"outofstock","10":"taxable","11":"shipping-taxable","12":"purchasable","13":"product-type-simple"},"_links":{"self":[{"href":"https:\/\/www.ntvsys.de\/wp\/wp-json\/wp\/v2\/product\/15623","targetHints":{"allow":["GET"]}}],"collection":[{"href":"https:\/\/www.ntvsys.de\/wp\/wp-json\/wp\/v2\/product"}],"about":[{"href":"https:\/\/www.ntvsys.de\/wp\/wp-json\/wp\/v2\/types\/product"}],"replies":[{"embeddable":true,"href":"https:\/\/www.ntvsys.de\/wp\/wp-json\/wp\/v2\/comments?post=15623"}],"wp:featuredmedia":[{"embeddable":true,"href":"https:\/\/www.ntvsys.de\/wp\/wp-json\/wp\/v2\/media\/17273"}],"wp:attachment":[{"href":"https:\/\/www.ntvsys.de\/wp\/wp-json\/wp\/v2\/media?parent=15623"}],"wp:term":[{"taxonomy":"product_brand","embeddable":true,"href":"https:\/\/www.ntvsys.de\/wp\/wp-json\/wp\/v2\/product_brand?post=15623"},{"taxonomy":"product_cat","embeddable":true,"href":"https:\/\/www.ntvsys.de\/wp\/wp-json\/wp\/v2\/product_cat?post=15623"},{"taxonomy":"product_tag","embeddable":true,"href":"https:\/\/www.ntvsys.de\/wp\/wp-json\/wp\/v2\/product_tag?post=15623"}],"curies":[{"name":"wp","href":"https:\/\/api.w.org\/{rel}","templated":true}]}}