{"id":16116,"date":"2024-11-27T16:19:49","date_gmt":"2024-11-27T14:19:49","guid":{"rendered":"https:\/\/www.ntvsys.de\/wp\/produkt\/lenovo-thinkpad-p14s-gen-5-21g2-intel-core-ultra-7-155h-1-4-ghz-win-11-pro-rtx-500-ada-16-gb-ram-512-gb-ssd-tcg-opal-encryption-2-nvme-performance-36-8-cm-14-5-ips-1920-x-1200-wi\/"},"modified":"2024-12-10T19:32:34","modified_gmt":"2024-12-10T17:32:34","slug":"lenovo-thinkpad-p14s-gen-5-21g2-intel-core-ultra-7-155h-1-4-ghz-win-11-pro-rtx-500-ada-16-gb-ram-512-gb-ssd-tcg-opal-encryption-2-nvme-performance-36-8-cm-14-5-ips-1920-x-1200-wi","status":"publish","type":"product","link":"https:\/\/www.ntvsys.de\/wp\/produkt\/lenovo-thinkpad-p14s-gen-5-21g2-intel-core-ultra-7-155h-1-4-ghz-win-11-pro-rtx-500-ada-16-gb-ram-512-gb-ssd-tcg-opal-encryption-2-nvme-performance-36-8-cm-14-5-ips-1920-x-1200-wi\/","title":{"rendered":"Lenovo ThinkPad P14s Intel Core Ultra 7 155H Laptop 36,8 cm (14.5&#8243;) WUXGA 16 GB DDR5-SDRAM 512 GB SSD NVIDIA RTX 500 Ada Wi-Fi 6E (802.11ax) Windows 11 Pro Schwarz"},"content":{"rendered":"<p>Lenovo ThinkPad P14s. Produkttyp: Laptop, Formfaktor: Klappgeh\u00e4use. Prozessorfamilie: Intel Core Ultra 7, Prozessor: 155H. Bildschirmdiagonale: 36,8 cm (14.5&#8243;), HD-Typ: WUXGA, Display-Aufl\u00f6sung: 1920 x 1200 Pixel. Speicherkapazit\u00e4t: 16 GB, Interner Speichertyp: DDR5-SDRAM. Gesamtspeicherkapazit\u00e4t: 512 GB, Speichermedien: SSD. Eingebautes Grafikkartenmodell: Intel Arc Graphics, Separates Grafikkartenmodell: NVIDIA RTX 500 Ada. Installiertes Betriebssystem: Windows 11 Pro. Produktfarbe: Schwarz<\/p>\n","protected":false},"excerpt":{"rendered":"<p>Lenovo ThinkPad P14s, Intel Core Ultra 7, 36,8 cm (14.5&#8243;), 1920 x 1200 Pixel, 16 GB, 512 GB, Windows 11 Pro<\/p>\n","protected":false},"featured_media":17438,"comment_status":"open","ping_status":"closed","template":"","meta":[],"product_brand":[],"product_cat":[1818],"product_tag":[],"class_list":{"0":"post-16116","1":"product","2":"type-product","3":"status-publish","4":"has-post-thumbnail","6":"product_cat-mobile-workstations","8":"first","9":"instock","10":"taxable","11":"shipping-taxable","12":"purchasable","13":"product-type-simple"},"_links":{"self":[{"href":"https:\/\/www.ntvsys.de\/wp\/wp-json\/wp\/v2\/product\/16116","targetHints":{"allow":["GET"]}}],"collection":[{"href":"https:\/\/www.ntvsys.de\/wp\/wp-json\/wp\/v2\/product"}],"about":[{"href":"https:\/\/www.ntvsys.de\/wp\/wp-json\/wp\/v2\/types\/product"}],"replies":[{"embeddable":true,"href":"https:\/\/www.ntvsys.de\/wp\/wp-json\/wp\/v2\/comments?post=16116"}],"wp:featuredmedia":[{"embeddable":true,"href":"https:\/\/www.ntvsys.de\/wp\/wp-json\/wp\/v2\/media\/17438"}],"wp:attachment":[{"href":"https:\/\/www.ntvsys.de\/wp\/wp-json\/wp\/v2\/media?parent=16116"}],"wp:term":[{"taxonomy":"product_brand","embeddable":true,"href":"https:\/\/www.ntvsys.de\/wp\/wp-json\/wp\/v2\/product_brand?post=16116"},{"taxonomy":"product_cat","embeddable":true,"href":"https:\/\/www.ntvsys.de\/wp\/wp-json\/wp\/v2\/product_cat?post=16116"},{"taxonomy":"product_tag","embeddable":true,"href":"https:\/\/www.ntvsys.de\/wp\/wp-json\/wp\/v2\/product_tag?post=16116"}],"curies":[{"name":"wp","href":"https:\/\/api.w.org\/{rel}","templated":true}]}}