{"id":16302,"date":"2024-11-27T16:20:57","date_gmt":"2024-11-27T14:20:57","guid":{"rendered":"https:\/\/www.ntvsys.de\/wp\/produkt\/kingston-ddr5-modul-32-gb-dimm-288-pin-5600-mhz-pc5-44800-cl46-1-1-v-registriert-ecc-4\/"},"modified":"2026-02-08T13:14:49","modified_gmt":"2026-02-08T11:14:49","slug":"kingston-ddr5-modul-32-gb-dimm-288-pin-5600-mhz-pc5-44800-cl46-1-1-v-registriert-ecc-4","status":"publish","type":"product","link":"https:\/\/www.ntvsys.de\/wp\/produkt\/kingston-ddr5-modul-32-gb-dimm-288-pin-5600-mhz-pc5-44800-cl46-1-1-v-registriert-ecc-4\/","title":{"rendered":"Kingston Technology KSM56R46BD8-32MD Speichermodul 32 GB 1 x 32 GB DDR5"},"content":{"rendered":"<p>Kingston Technology KSM56R46BD8-32MD. Komponente f\u00fcr: PC \/ Server, Speicherkapazit\u00e4t: 32 GB, Speicherlayout (Module x Gr\u00f6\u00dfe): 1 x 32 GB, Interner Speichertyp: DDR5, Memory Formfaktor: 288-pin DIMM, CAS Latenz: 46<\/p>\n","protected":false},"excerpt":{"rendered":"<p>Kingston Technology KSM56R46BD8-32MD, 32 GB, 1 x 32 GB, DDR5, 288-pin DIMM<\/p>\n","protected":false},"featured_media":17496,"comment_status":"open","ping_status":"closed","template":"","meta":[],"product_brand":[],"product_cat":[1166],"product_tag":[],"class_list":{"0":"post-16302","1":"product","2":"type-product","3":"status-publish","4":"has-post-thumbnail","6":"product_cat-speicher","8":"first","9":"outofstock","10":"taxable","11":"shipping-taxable","12":"purchasable","13":"product-type-simple"},"_links":{"self":[{"href":"https:\/\/www.ntvsys.de\/wp\/wp-json\/wp\/v2\/product\/16302","targetHints":{"allow":["GET"]}}],"collection":[{"href":"https:\/\/www.ntvsys.de\/wp\/wp-json\/wp\/v2\/product"}],"about":[{"href":"https:\/\/www.ntvsys.de\/wp\/wp-json\/wp\/v2\/types\/product"}],"replies":[{"embeddable":true,"href":"https:\/\/www.ntvsys.de\/wp\/wp-json\/wp\/v2\/comments?post=16302"}],"wp:featuredmedia":[{"embeddable":true,"href":"https:\/\/www.ntvsys.de\/wp\/wp-json\/wp\/v2\/media\/17496"}],"wp:attachment":[{"href":"https:\/\/www.ntvsys.de\/wp\/wp-json\/wp\/v2\/media?parent=16302"}],"wp:term":[{"taxonomy":"product_brand","embeddable":true,"href":"https:\/\/www.ntvsys.de\/wp\/wp-json\/wp\/v2\/product_brand?post=16302"},{"taxonomy":"product_cat","embeddable":true,"href":"https:\/\/www.ntvsys.de\/wp\/wp-json\/wp\/v2\/product_cat?post=16302"},{"taxonomy":"product_tag","embeddable":true,"href":"https:\/\/www.ntvsys.de\/wp\/wp-json\/wp\/v2\/product_tag?post=16302"}],"curies":[{"name":"wp","href":"https:\/\/api.w.org\/{rel}","templated":true}]}}