{"id":16672,"date":"2024-11-27T16:23:09","date_gmt":"2024-11-27T14:23:09","guid":{"rendered":"https:\/\/www.ntvsys.de\/wp\/produkt\/wd-openflex-data24-4000-series-speichergehaeuse-24-schaechte-pcie-nvme-u-2-ssd-3-83-tb-x-24-rack-einbaufaehig-2u\/"},"modified":"2024-12-10T20:34:09","modified_gmt":"2024-12-10T18:34:09","slug":"wd-openflex-data24-4000-series-speichergehaeuse-24-schaechte-pcie-nvme-u-2-ssd-3-83-tb-x-24-rack-einbaufaehig-2u","status":"publish","type":"product","link":"https:\/\/www.ntvsys.de\/wp\/produkt\/wd-openflex-data24-4000-series-speichergehaeuse-24-schaechte-pcie-nvme-u-2-ssd-3-83-tb-x-24-rack-einbaufaehig-2u\/","title":{"rendered":"WD OpenFlex Data24 &#8211; 4000 Series &#8211; Speichergeh\u00e4use &#8211; 24 Sch\u00e4chte (PCIe (NVMe) \/ U.2) &#8211; SSD 3.83 TB x 24 &#8211; Rack &#8211; einbauf\u00e4hig &#8211; 2U"},"content":{"rendered":"<p>WD OpenFlex Data24 &#8211; 4000 Series &#8211; Speichergeh\u00e4use &#8211; 24 Sch\u00e4chte (PCIe (NVMe) \/ U.2) &#8211; SSD 3.83 TB x 24 &#8211; Rack &#8211; einbauf\u00e4hig &#8211; 2U<\/p>\n","protected":false},"excerpt":{"rendered":"<p>WD OpenFlex Data24 &#8211; 4000 Series &#8211; Speichergeh\u00e4use &#8211; 24 Sch\u00e4chte (PCIe (NVMe) \/ U.2) &#8211; SSD 3.83 TB x 24 &#8211; Rack &#8211; einbauf\u00e4hig &#8211; 2U<\/p>\n","protected":false},"featured_media":0,"comment_status":"open","ping_status":"closed","template":"","meta":[],"product_brand":[],"product_cat":[1277],"product_tag":[],"class_list":{"0":"post-16672","1":"product","2":"type-product","3":"status-publish","5":"product_cat-speichererweiterungen-und-raid","7":"first","8":"instock","9":"taxable","10":"shipping-taxable","11":"purchasable","12":"product-type-simple"},"_links":{"self":[{"href":"https:\/\/www.ntvsys.de\/wp\/wp-json\/wp\/v2\/product\/16672","targetHints":{"allow":["GET"]}}],"collection":[{"href":"https:\/\/www.ntvsys.de\/wp\/wp-json\/wp\/v2\/product"}],"about":[{"href":"https:\/\/www.ntvsys.de\/wp\/wp-json\/wp\/v2\/types\/product"}],"replies":[{"embeddable":true,"href":"https:\/\/www.ntvsys.de\/wp\/wp-json\/wp\/v2\/comments?post=16672"}],"wp:attachment":[{"href":"https:\/\/www.ntvsys.de\/wp\/wp-json\/wp\/v2\/media?parent=16672"}],"wp:term":[{"taxonomy":"product_brand","embeddable":true,"href":"https:\/\/www.ntvsys.de\/wp\/wp-json\/wp\/v2\/product_brand?post=16672"},{"taxonomy":"product_cat","embeddable":true,"href":"https:\/\/www.ntvsys.de\/wp\/wp-json\/wp\/v2\/product_cat?post=16672"},{"taxonomy":"product_tag","embeddable":true,"href":"https:\/\/www.ntvsys.de\/wp\/wp-json\/wp\/v2\/product_tag?post=16672"}],"curies":[{"name":"wp","href":"https:\/\/api.w.org\/{rel}","templated":true}]}}