{"id":3172,"date":"2024-11-27T15:13:37","date_gmt":"2024-11-27T13:13:37","guid":{"rendered":"https:\/\/www.ntvsys.de\/wp\/produkt\/dell-upgrade-module-no-power-adapter-upgrade-kit-port-erweiterung-3-jahre-advanced-exchange-service\/"},"modified":"2024-12-10T19:54:49","modified_gmt":"2024-12-10T17:54:49","slug":"dell-upgrade-module-no-power-adapter-upgrade-kit-port-erweiterung-3-jahre-advanced-exchange-service","status":"publish","type":"product","link":"https:\/\/www.ntvsys.de\/wp\/produkt\/dell-upgrade-module-no-power-adapter-upgrade-kit-port-erweiterung-3-jahre-advanced-exchange-service\/","title":{"rendered":"DELL WD19DCCBL Upgrade-Modul f\u00fcr Laptop-Dock"},"content":{"rendered":"<p>DELL WD19DCCBL. Produkttyp: Upgrade-Modul f\u00fcr Laptop-Dock, Produktfarbe: Schwarz, Markenkompatibilit\u00e4t: Dell. Menge pro Packung: 1 St\u00fcck(e)<\/p>\n","protected":false},"excerpt":{"rendered":"<p>DELL WD19DCCBL, Upgrade-Modul f\u00fcr Laptop-Dock, Schwarz, Dell, WD19DC, 1 St\u00fcck(e)<\/p>\n","protected":false},"featured_media":3202,"comment_status":"open","ping_status":"closed","template":"","meta":[],"product_brand":[],"product_cat":[1301],"product_tag":[],"class_list":{"0":"post-3172","1":"product","2":"type-product","3":"status-publish","4":"has-post-thumbnail","6":"product_cat-docking-stationen","8":"first","9":"outofstock","10":"taxable","11":"shipping-taxable","12":"purchasable","13":"product-type-simple"},"_links":{"self":[{"href":"https:\/\/www.ntvsys.de\/wp\/wp-json\/wp\/v2\/product\/3172","targetHints":{"allow":["GET"]}}],"collection":[{"href":"https:\/\/www.ntvsys.de\/wp\/wp-json\/wp\/v2\/product"}],"about":[{"href":"https:\/\/www.ntvsys.de\/wp\/wp-json\/wp\/v2\/types\/product"}],"replies":[{"embeddable":true,"href":"https:\/\/www.ntvsys.de\/wp\/wp-json\/wp\/v2\/comments?post=3172"}],"wp:featuredmedia":[{"embeddable":true,"href":"https:\/\/www.ntvsys.de\/wp\/wp-json\/wp\/v2\/media\/3202"}],"wp:attachment":[{"href":"https:\/\/www.ntvsys.de\/wp\/wp-json\/wp\/v2\/media?parent=3172"}],"wp:term":[{"taxonomy":"product_brand","embeddable":true,"href":"https:\/\/www.ntvsys.de\/wp\/wp-json\/wp\/v2\/product_brand?post=3172"},{"taxonomy":"product_cat","embeddable":true,"href":"https:\/\/www.ntvsys.de\/wp\/wp-json\/wp\/v2\/product_cat?post=3172"},{"taxonomy":"product_tag","embeddable":true,"href":"https:\/\/www.ntvsys.de\/wp\/wp-json\/wp\/v2\/product_tag?post=3172"}],"curies":[{"name":"wp","href":"https:\/\/api.w.org\/{rel}","templated":true}]}}