{"id":3339,"date":"2024-11-27T15:14:20","date_gmt":"2024-11-27T13:14:20","guid":{"rendered":"https:\/\/www.ntvsys.de\/wp\/produkt\/kingston-fury-beast-ddr4-kit-64-gb-2-x-32-gb-dimm-288-pin-3200-mhz-pc4-25600-cl16-1-35-v-ungepuffert-non-ecc-schwarz\/"},"modified":"2026-02-08T12:56:17","modified_gmt":"2026-02-08T10:56:17","slug":"kingston-fury-beast-ddr4-kit-64-gb-2-x-32-gb-dimm-288-pin-3200-mhz-pc4-25600-cl16-1-35-v-ungepuffert-non-ecc-schwarz","status":"publish","type":"product","link":"https:\/\/www.ntvsys.de\/wp\/produkt\/kingston-fury-beast-ddr4-kit-64-gb-2-x-32-gb-dimm-288-pin-3200-mhz-pc4-25600-cl16-1-35-v-ungepuffert-non-ecc-schwarz\/","title":{"rendered":"Kingston Technology FURY Beast 64GB 3200MT\/s DDR4 CL16 DIMM (2er-Kit) Black"},"content":{"rendered":"<p>Kingston Technology FURY Beast 64GB 3200MT\/s DDR4 CL16 DIMM (2er-Kit) Black. Komponente f\u00fcr: PC, Speicherkapazit\u00e4t: 64 GB, Speicherlayout (Module x Gr\u00f6\u00dfe): 2 x 32 GB, Interner Speichertyp: DDR4, Speichertaktfrequenz: 1600 MHz, Memory Formfaktor: 288-pin DIMM, CAS Latenz: 16<\/p>\n","protected":false},"excerpt":{"rendered":"<p>Kingston Technology FURY Beast 64GB 3200MT\/s DDR4 CL16 DIMM (2er-Kit) Black, 64 GB, 2 x 32 GB, DDR4, 1600 MHz, 288-pin DIMM<\/p>\n","protected":false},"featured_media":3437,"comment_status":"open","ping_status":"closed","template":"","meta":[],"product_brand":[],"product_cat":[1104],"product_tag":[],"class_list":{"0":"post-3339","1":"product","2":"type-product","3":"status-publish","4":"has-post-thumbnail","6":"product_cat-generic-memory","8":"first","9":"outofstock","10":"taxable","11":"shipping-taxable","12":"purchasable","13":"product-type-simple"},"_links":{"self":[{"href":"https:\/\/www.ntvsys.de\/wp\/wp-json\/wp\/v2\/product\/3339","targetHints":{"allow":["GET"]}}],"collection":[{"href":"https:\/\/www.ntvsys.de\/wp\/wp-json\/wp\/v2\/product"}],"about":[{"href":"https:\/\/www.ntvsys.de\/wp\/wp-json\/wp\/v2\/types\/product"}],"replies":[{"embeddable":true,"href":"https:\/\/www.ntvsys.de\/wp\/wp-json\/wp\/v2\/comments?post=3339"}],"wp:featuredmedia":[{"embeddable":true,"href":"https:\/\/www.ntvsys.de\/wp\/wp-json\/wp\/v2\/media\/3437"}],"wp:attachment":[{"href":"https:\/\/www.ntvsys.de\/wp\/wp-json\/wp\/v2\/media?parent=3339"}],"wp:term":[{"taxonomy":"product_brand","embeddable":true,"href":"https:\/\/www.ntvsys.de\/wp\/wp-json\/wp\/v2\/product_brand?post=3339"},{"taxonomy":"product_cat","embeddable":true,"href":"https:\/\/www.ntvsys.de\/wp\/wp-json\/wp\/v2\/product_cat?post=3339"},{"taxonomy":"product_tag","embeddable":true,"href":"https:\/\/www.ntvsys.de\/wp\/wp-json\/wp\/v2\/product_tag?post=3339"}],"curies":[{"name":"wp","href":"https:\/\/api.w.org\/{rel}","templated":true}]}}