{"id":3518,"date":"2024-11-27T15:15:08","date_gmt":"2024-11-27T13:15:08","guid":{"rendered":"https:\/\/www.ntvsys.de\/wp\/produkt\/kingston-fury-beast-rgb-ddr5-kit-32-gb-2-x-16-gb-dimm-288-pin-5600-mhz-pc5-44800-cl40-1-25-v-weiss\/"},"modified":"2026-02-08T13:04:16","modified_gmt":"2026-02-08T11:04:16","slug":"kingston-fury-beast-rgb-ddr5-kit-32-gb-2-x-16-gb-dimm-288-pin-5600-mhz-pc5-44800-cl40-1-25-v-weiss","status":"publish","type":"product","link":"https:\/\/www.ntvsys.de\/wp\/produkt\/kingston-fury-beast-rgb-ddr5-kit-32-gb-2-x-16-gb-dimm-288-pin-5600-mhz-pc5-44800-cl40-1-25-v-weiss\/","title":{"rendered":"Kingston Technology FURY Beast 32 GB 5600 MT\/s DDR5 CL40 DIMM (2er-Kit) White RGB XMP"},"content":{"rendered":"<p>Kingston Technology FURY Beast 32 GB 5600 MT\/s DDR5 CL40 DIMM (2er-Kit) White RGB XMP. Komponente f\u00fcr: PC, Speicherkapazit\u00e4t: 32 GB, Speicherlayout (Module x Gr\u00f6\u00dfe): 2 x 16 GB, Interner Speichertyp: DDR5, Speichertaktfrequenz: 2800 MHz, Memory Formfaktor: 288-pin DIMM, CAS Latenz: 40<\/p>\n","protected":false},"excerpt":{"rendered":"<p>Kingston Technology FURY Beast 32 GB 5600 MT\/s DDR5 CL40 DIMM (2er-Kit) White RGB XMP, 32 GB, 2 x 16 GB, DDR5, 2800 MHz, 288-pin DIMM<\/p>\n","protected":false},"featured_media":3682,"comment_status":"open","ping_status":"closed","template":"","meta":[],"product_brand":[],"product_cat":[1166],"product_tag":[],"class_list":{"0":"post-3518","1":"product","2":"type-product","3":"status-publish","4":"has-post-thumbnail","6":"product_cat-speicher","8":"first","9":"outofstock","10":"taxable","11":"shipping-taxable","12":"purchasable","13":"product-type-simple"},"_links":{"self":[{"href":"https:\/\/www.ntvsys.de\/wp\/wp-json\/wp\/v2\/product\/3518","targetHints":{"allow":["GET"]}}],"collection":[{"href":"https:\/\/www.ntvsys.de\/wp\/wp-json\/wp\/v2\/product"}],"about":[{"href":"https:\/\/www.ntvsys.de\/wp\/wp-json\/wp\/v2\/types\/product"}],"replies":[{"embeddable":true,"href":"https:\/\/www.ntvsys.de\/wp\/wp-json\/wp\/v2\/comments?post=3518"}],"wp:featuredmedia":[{"embeddable":true,"href":"https:\/\/www.ntvsys.de\/wp\/wp-json\/wp\/v2\/media\/3682"}],"wp:attachment":[{"href":"https:\/\/www.ntvsys.de\/wp\/wp-json\/wp\/v2\/media?parent=3518"}],"wp:term":[{"taxonomy":"product_brand","embeddable":true,"href":"https:\/\/www.ntvsys.de\/wp\/wp-json\/wp\/v2\/product_brand?post=3518"},{"taxonomy":"product_cat","embeddable":true,"href":"https:\/\/www.ntvsys.de\/wp\/wp-json\/wp\/v2\/product_cat?post=3518"},{"taxonomy":"product_tag","embeddable":true,"href":"https:\/\/www.ntvsys.de\/wp\/wp-json\/wp\/v2\/product_tag?post=3518"}],"curies":[{"name":"wp","href":"https:\/\/api.w.org\/{rel}","templated":true}]}}