{"id":3557,"date":"2024-11-27T15:15:19","date_gmt":"2024-11-27T13:15:19","guid":{"rendered":"https:\/\/www.ntvsys.de\/wp\/produkt\/kingston-fury-renegade-rgb-ddr5-kit-96-gb-2-x-48-gb-dimm-288-pin-6000-mhz-pc5-48000-cl32-1-35-v-ungepuffert-non-ecc-schwarz-silber\/"},"modified":"2026-02-08T12:55:31","modified_gmt":"2026-02-08T10:55:31","slug":"kingston-fury-renegade-rgb-ddr5-kit-96-gb-2-x-48-gb-dimm-288-pin-6000-mhz-pc5-48000-cl32-1-35-v-ungepuffert-non-ecc-schwarz-silber","status":"publish","type":"product","link":"https:\/\/www.ntvsys.de\/wp\/produkt\/kingston-fury-renegade-rgb-ddr5-kit-96-gb-2-x-48-gb-dimm-288-pin-6000-mhz-pc5-48000-cl32-1-35-v-ungepuffert-non-ecc-schwarz-silber\/","title":{"rendered":"Kingston Technology FURY 96GB 6000MT\/s DDR5 CL32 DIMM (2er-Kits) Renegade RGB XMP"},"content":{"rendered":"<p>Kingston Technology FURY 96GB 6000MT\/s DDR5 CL32 DIMM (2er-Kits) Renegade RGB XMP. Komponente f\u00fcr: PC, Speicherkapazit\u00e4t: 96 GB, Speicherlayout (Module x Gr\u00f6\u00dfe): 2 x 48 GB, Interner Speichertyp: DDR5, Memory Formfaktor: 288-pin DIMM, CAS Latenz: 32<\/p>\n","protected":false},"excerpt":{"rendered":"<p>Kingston Technology FURY 96GB 6000MT\/s DDR5 CL32 DIMM (2er-Kits) Renegade RGB XMP, 96 GB, 2 x 48 GB, DDR5, 288-pin DIMM<\/p>\n","protected":false},"featured_media":3749,"comment_status":"open","ping_status":"closed","template":"","meta":[],"product_brand":[],"product_cat":[1166],"product_tag":[],"class_list":{"0":"post-3557","1":"product","2":"type-product","3":"status-publish","4":"has-post-thumbnail","6":"product_cat-speicher","8":"first","9":"outofstock","10":"taxable","11":"shipping-taxable","12":"purchasable","13":"product-type-simple"},"_links":{"self":[{"href":"https:\/\/www.ntvsys.de\/wp\/wp-json\/wp\/v2\/product\/3557","targetHints":{"allow":["GET"]}}],"collection":[{"href":"https:\/\/www.ntvsys.de\/wp\/wp-json\/wp\/v2\/product"}],"about":[{"href":"https:\/\/www.ntvsys.de\/wp\/wp-json\/wp\/v2\/types\/product"}],"replies":[{"embeddable":true,"href":"https:\/\/www.ntvsys.de\/wp\/wp-json\/wp\/v2\/comments?post=3557"}],"wp:featuredmedia":[{"embeddable":true,"href":"https:\/\/www.ntvsys.de\/wp\/wp-json\/wp\/v2\/media\/3749"}],"wp:attachment":[{"href":"https:\/\/www.ntvsys.de\/wp\/wp-json\/wp\/v2\/media?parent=3557"}],"wp:term":[{"taxonomy":"product_brand","embeddable":true,"href":"https:\/\/www.ntvsys.de\/wp\/wp-json\/wp\/v2\/product_brand?post=3557"},{"taxonomy":"product_cat","embeddable":true,"href":"https:\/\/www.ntvsys.de\/wp\/wp-json\/wp\/v2\/product_cat?post=3557"},{"taxonomy":"product_tag","embeddable":true,"href":"https:\/\/www.ntvsys.de\/wp\/wp-json\/wp\/v2\/product_tag?post=3557"}],"curies":[{"name":"wp","href":"https:\/\/api.w.org\/{rel}","templated":true}]}}