{"id":3569,"date":"2024-11-27T15:15:23","date_gmt":"2024-11-27T13:15:23","guid":{"rendered":"https:\/\/www.ntvsys.de\/wp\/produkt\/lenovo-thinksystem-sr630-v3-7d73-server-rack-montage-1u-zweiweg-1-x-xeon-gold-5415-2-9-ghz-ram-64-gb-sas-hot-swap-6-4-cm-2-5-schacht-schaechte-keine-hdd-ast2600-kein-betrie\/"},"modified":"2024-12-10T20:23:50","modified_gmt":"2024-12-10T18:23:50","slug":"lenovo-thinksystem-sr630-v3-7d73-server-rack-montage-1u-zweiweg-1-x-xeon-gold-5415-2-9-ghz-ram-64-gb-sas-hot-swap-6-4-cm-2-5-schacht-schaechte-keine-hdd-ast2600-kein-betrie","status":"publish","type":"product","link":"https:\/\/www.ntvsys.de\/wp\/produkt\/lenovo-thinksystem-sr630-v3-7d73-server-rack-montage-1u-zweiweg-1-x-xeon-gold-5415-2-9-ghz-ram-64-gb-sas-hot-swap-6-4-cm-2-5-schacht-schaechte-keine-hdd-ast2600-kein-betrie\/","title":{"rendered":"Lenovo ThinkSystem SR630 V3 Server Rack (1U) Intel\u00ae Xeon\u00ae Gold 5415+ 2,9 GHz 64 GB DDR5-SDRAM 1100 W"},"content":{"rendered":"<p>Lenovo ThinkSystem SR630 V3. Prozessorfamilie: Intel\u00ae Xeon\u00ae Gold, Prozessor-Taktfrequenz: 2,9 GHz, Prozessor: 5415+. Speicherkapazit\u00e4t: 64 GB, Interner Speichertyp: DDR5-SDRAM. Stromversorgung: 1100 W, Unterst\u00fctzung f\u00fcr redundantes Netzteil. Geh\u00e4usetyp: Rack (1U)<\/p>\n","protected":false},"excerpt":{"rendered":"<p>Lenovo ThinkSystem SR630 V3, 2,9 GHz, 5415+, 64 GB, DDR5-SDRAM, 1100 W, Rack (1U)<\/p>\n","protected":false},"featured_media":3764,"comment_status":"open","ping_status":"closed","template":"","meta":[],"product_brand":[],"product_cat":[1328],"product_tag":[],"class_list":{"0":"post-3569","1":"product","2":"type-product","3":"status-publish","4":"has-post-thumbnail","6":"product_cat-rack-server","8":"first","9":"outofstock","10":"taxable","11":"shipping-taxable","12":"purchasable","13":"product-type-simple"},"_links":{"self":[{"href":"https:\/\/www.ntvsys.de\/wp\/wp-json\/wp\/v2\/product\/3569","targetHints":{"allow":["GET"]}}],"collection":[{"href":"https:\/\/www.ntvsys.de\/wp\/wp-json\/wp\/v2\/product"}],"about":[{"href":"https:\/\/www.ntvsys.de\/wp\/wp-json\/wp\/v2\/types\/product"}],"replies":[{"embeddable":true,"href":"https:\/\/www.ntvsys.de\/wp\/wp-json\/wp\/v2\/comments?post=3569"}],"wp:featuredmedia":[{"embeddable":true,"href":"https:\/\/www.ntvsys.de\/wp\/wp-json\/wp\/v2\/media\/3764"}],"wp:attachment":[{"href":"https:\/\/www.ntvsys.de\/wp\/wp-json\/wp\/v2\/media?parent=3569"}],"wp:term":[{"taxonomy":"product_brand","embeddable":true,"href":"https:\/\/www.ntvsys.de\/wp\/wp-json\/wp\/v2\/product_brand?post=3569"},{"taxonomy":"product_cat","embeddable":true,"href":"https:\/\/www.ntvsys.de\/wp\/wp-json\/wp\/v2\/product_cat?post=3569"},{"taxonomy":"product_tag","embeddable":true,"href":"https:\/\/www.ntvsys.de\/wp\/wp-json\/wp\/v2\/product_tag?post=3569"}],"curies":[{"name":"wp","href":"https:\/\/api.w.org\/{rel}","templated":true}]}}