{"id":3684,"date":"2024-11-27T15:15:57","date_gmt":"2024-11-27T13:15:57","guid":{"rendered":"https:\/\/www.ntvsys.de\/wp\/produkt\/lenovo-thinkpad-e16-gen-2-21m5-amd-ryzen-5-7535hs-3-3-ghz-win-11-pro-radeon-660m-16-gb-ram-512-gb-ssd-tcg-opal-encryption-2-nvme-40-6-cm-16-ips-1920-x-1200-wi-fi-6e-bluetooth-gr\/"},"modified":"2026-02-08T13:02:19","modified_gmt":"2026-02-08T11:02:19","slug":"lenovo-thinkpad-e16-gen-2-21m5-amd-ryzen-5-7535hs-3-3-ghz-win-11-pro-radeon-660m-16-gb-ram-512-gb-ssd-tcg-opal-encryption-2-nvme-40-6-cm-16-ips-1920-x-1200-wi-fi-6e-bluetooth-gr","status":"publish","type":"product","link":"https:\/\/www.ntvsys.de\/wp\/produkt\/lenovo-thinkpad-e16-gen-2-21m5-amd-ryzen-5-7535hs-3-3-ghz-win-11-pro-radeon-660m-16-gb-ram-512-gb-ssd-tcg-opal-encryption-2-nvme-40-6-cm-16-ips-1920-x-1200-wi-fi-6e-bluetooth-gr\/","title":{"rendered":"Lenovo ThinkPad E16 AMD Ryzen\u2122 5 7535HS Laptop 40,6 cm (16&#8243;) WUXGA 16 GB DDR5-SDRAM 512 GB SSD Wi-Fi 6E (802.11ax) Windows 11 Pro Schwarz"},"content":{"rendered":"<p>Lenovo ThinkPad E16. Produkttyp: Laptop, Formfaktor: Klappgeh\u00e4use. Prozessorfamilie: AMD Ryzen\u2122 5, Prozessor: 7535HS, Prozessor-Taktfrequenz: 3,3 GHz. Bildschirmdiagonale: 40,6 cm (16&#8243;), HD-Typ: WUXGA, Display-Aufl\u00f6sung: 1920 x 1200 Pixel. Speicherkapazit\u00e4t: 16 GB, Interner Speichertyp: DDR5-SDRAM. Gesamtspeicherkapazit\u00e4t: 512 GB, Speichermedien: SSD. Eingebautes Grafikkartenmodell: AMD Radeon 660M. Installiertes Betriebssystem: Windows 11 Pro. Produktfarbe: Schwarz<\/p>\n","protected":false},"excerpt":{"rendered":"<p>Lenovo ThinkPad E16, AMD Ryzen\u2122 5, 3,3 GHz, 40,6 cm (16&#8243;), 1920 x 1200 Pixel, 16 GB, 512 GB<\/p>\n","protected":false},"featured_media":3908,"comment_status":"open","ping_status":"closed","template":"","meta":[],"product_brand":[],"product_cat":[1064],"product_tag":[],"class_list":{"0":"post-3684","1":"product","2":"type-product","3":"status-publish","4":"has-post-thumbnail","6":"product_cat-notebook","8":"first","9":"outofstock","10":"taxable","11":"shipping-taxable","12":"purchasable","13":"product-type-simple"},"_links":{"self":[{"href":"https:\/\/www.ntvsys.de\/wp\/wp-json\/wp\/v2\/product\/3684","targetHints":{"allow":["GET"]}}],"collection":[{"href":"https:\/\/www.ntvsys.de\/wp\/wp-json\/wp\/v2\/product"}],"about":[{"href":"https:\/\/www.ntvsys.de\/wp\/wp-json\/wp\/v2\/types\/product"}],"replies":[{"embeddable":true,"href":"https:\/\/www.ntvsys.de\/wp\/wp-json\/wp\/v2\/comments?post=3684"}],"wp:featuredmedia":[{"embeddable":true,"href":"https:\/\/www.ntvsys.de\/wp\/wp-json\/wp\/v2\/media\/3908"}],"wp:attachment":[{"href":"https:\/\/www.ntvsys.de\/wp\/wp-json\/wp\/v2\/media?parent=3684"}],"wp:term":[{"taxonomy":"product_brand","embeddable":true,"href":"https:\/\/www.ntvsys.de\/wp\/wp-json\/wp\/v2\/product_brand?post=3684"},{"taxonomy":"product_cat","embeddable":true,"href":"https:\/\/www.ntvsys.de\/wp\/wp-json\/wp\/v2\/product_cat?post=3684"},{"taxonomy":"product_tag","embeddable":true,"href":"https:\/\/www.ntvsys.de\/wp\/wp-json\/wp\/v2\/product_tag?post=3684"}],"curies":[{"name":"wp","href":"https:\/\/api.w.org\/{rel}","templated":true}]}}