{"id":3973,"date":"2024-11-27T15:17:21","date_gmt":"2024-11-27T13:17:21","guid":{"rendered":"https:\/\/www.ntvsys.de\/wp\/produkt\/kingston-fury-beast-ddr5-kit-128-gb-4-x-32-gb-dimm-288-pin-5200-mhz-pc5-41600-cl40-1-25-v-on-die-ecc\/"},"modified":"2026-02-08T13:02:32","modified_gmt":"2026-02-08T11:02:32","slug":"kingston-fury-beast-ddr5-kit-128-gb-4-x-32-gb-dimm-288-pin-5200-mhz-pc5-41600-cl40-1-25-v-on-die-ecc","status":"publish","type":"product","link":"https:\/\/www.ntvsys.de\/wp\/produkt\/kingston-fury-beast-ddr5-kit-128-gb-4-x-32-gb-dimm-288-pin-5200-mhz-pc5-41600-cl40-1-25-v-on-die-ecc\/","title":{"rendered":"Kingston Technology FURY Beast 128 GB 5200 MT\/s DDR5 CL40 DIMM (4er-Kit) White XMP"},"content":{"rendered":"<p>Kingston Technology FURY Beast 128 GB 5200 MT\/s DDR5 CL40 DIMM (4er-Kit) White XMP. Komponente f\u00fcr: PC, Speicherkapazit\u00e4t: 128 GB, Speicherlayout (Module x Gr\u00f6\u00dfe): 4 x 32 GB, Interner Speichertyp: DDR5, Memory Formfaktor: 288-pin DIMM, CAS Latenz: 40, Produktfarbe: Wei\u00df<\/p>\n","protected":false},"excerpt":{"rendered":"<p>Kingston Technology FURY Beast 128 GB 5200 MT\/s DDR5 CL40 DIMM (4er-Kit) White XMP, 128 GB, 4 x 32 GB, DDR5, 288-pin DIMM, Wei\u00df<\/p>\n","protected":false},"featured_media":4336,"comment_status":"open","ping_status":"closed","template":"","meta":[],"product_brand":[],"product_cat":[1166],"product_tag":[],"class_list":{"0":"post-3973","1":"product","2":"type-product","3":"status-publish","4":"has-post-thumbnail","6":"product_cat-speicher","8":"first","9":"outofstock","10":"taxable","11":"shipping-taxable","12":"purchasable","13":"product-type-simple"},"_links":{"self":[{"href":"https:\/\/www.ntvsys.de\/wp\/wp-json\/wp\/v2\/product\/3973","targetHints":{"allow":["GET"]}}],"collection":[{"href":"https:\/\/www.ntvsys.de\/wp\/wp-json\/wp\/v2\/product"}],"about":[{"href":"https:\/\/www.ntvsys.de\/wp\/wp-json\/wp\/v2\/types\/product"}],"replies":[{"embeddable":true,"href":"https:\/\/www.ntvsys.de\/wp\/wp-json\/wp\/v2\/comments?post=3973"}],"wp:featuredmedia":[{"embeddable":true,"href":"https:\/\/www.ntvsys.de\/wp\/wp-json\/wp\/v2\/media\/4336"}],"wp:attachment":[{"href":"https:\/\/www.ntvsys.de\/wp\/wp-json\/wp\/v2\/media?parent=3973"}],"wp:term":[{"taxonomy":"product_brand","embeddable":true,"href":"https:\/\/www.ntvsys.de\/wp\/wp-json\/wp\/v2\/product_brand?post=3973"},{"taxonomy":"product_cat","embeddable":true,"href":"https:\/\/www.ntvsys.de\/wp\/wp-json\/wp\/v2\/product_cat?post=3973"},{"taxonomy":"product_tag","embeddable":true,"href":"https:\/\/www.ntvsys.de\/wp\/wp-json\/wp\/v2\/product_tag?post=3973"}],"curies":[{"name":"wp","href":"https:\/\/api.w.org\/{rel}","templated":true}]}}