{"id":4361,"date":"2024-11-27T15:19:09","date_gmt":"2024-11-27T13:19:09","guid":{"rendered":"https:\/\/www.ntvsys.de\/wp\/produkt\/lenovo-thinkpad-e14-gen-6-21m7-180-scharnierdesign-intel-core-ultra-5-125u-1-3-ghz-win-11-pro-intel-graphics-8-gb-ram-256-gb-ssd-tcg-opal-encryption-2-nvme-35-6-cm-14-ips-192\/"},"modified":"2024-12-10T19:32:04","modified_gmt":"2024-12-10T17:32:04","slug":"lenovo-thinkpad-e14-gen-6-21m7-180-scharnierdesign-intel-core-ultra-5-125u-1-3-ghz-win-11-pro-intel-graphics-8-gb-ram-256-gb-ssd-tcg-opal-encryption-2-nvme-35-6-cm-14-ips-192","status":"publish","type":"product","link":"https:\/\/www.ntvsys.de\/wp\/produkt\/lenovo-thinkpad-e14-gen-6-21m7-180-scharnierdesign-intel-core-ultra-5-125u-1-3-ghz-win-11-pro-intel-graphics-8-gb-ram-256-gb-ssd-tcg-opal-encryption-2-nvme-35-6-cm-14-ips-192\/","title":{"rendered":"Lenovo ThinkPad E14 Intel Core Ultra 5 125U Laptop 35,6 cm (14&#8243;) WUXGA 8 GB DDR5-SDRAM 256 GB SSD Wi-Fi 6E (802.11ax) Windows 11 Pro Schwarz"},"content":{"rendered":"<p>Lenovo ThinkPad E14. Produkttyp: Laptop, Formfaktor: Klappgeh\u00e4use. Prozessorfamilie: Intel Core Ultra 5, Prozessor: 125U. Bildschirmdiagonale: 35,6 cm (14&#8243;), HD-Typ: WUXGA, Display-Aufl\u00f6sung: 1920 x 1200 Pixel. Speicherkapazit\u00e4t: 8 GB, Interner Speichertyp: DDR5-SDRAM. Gesamtspeicherkapazit\u00e4t: 256 GB, Speichermedien: SSD. Eingebautes Grafikkartenmodell: Intel Graphics. Installiertes Betriebssystem: Windows 11 Pro. Produktfarbe: Schwarz. Gewicht: 1,44 kg<\/p>\n","protected":false},"excerpt":{"rendered":"<p>Lenovo ThinkPad E14, Intel Core Ultra 5, 35,6 cm (14&#8243;), 1920 x 1200 Pixel, 8 GB, 256 GB, Windows 11 Pro<\/p>\n","protected":false},"featured_media":4885,"comment_status":"open","ping_status":"closed","template":"","meta":[],"product_brand":[],"product_cat":[1064],"product_tag":[],"class_list":{"0":"post-4361","1":"product","2":"type-product","3":"status-publish","4":"has-post-thumbnail","6":"product_cat-notebook","8":"first","9":"instock","10":"taxable","11":"shipping-taxable","12":"purchasable","13":"product-type-simple"},"_links":{"self":[{"href":"https:\/\/www.ntvsys.de\/wp\/wp-json\/wp\/v2\/product\/4361","targetHints":{"allow":["GET"]}}],"collection":[{"href":"https:\/\/www.ntvsys.de\/wp\/wp-json\/wp\/v2\/product"}],"about":[{"href":"https:\/\/www.ntvsys.de\/wp\/wp-json\/wp\/v2\/types\/product"}],"replies":[{"embeddable":true,"href":"https:\/\/www.ntvsys.de\/wp\/wp-json\/wp\/v2\/comments?post=4361"}],"wp:featuredmedia":[{"embeddable":true,"href":"https:\/\/www.ntvsys.de\/wp\/wp-json\/wp\/v2\/media\/4885"}],"wp:attachment":[{"href":"https:\/\/www.ntvsys.de\/wp\/wp-json\/wp\/v2\/media?parent=4361"}],"wp:term":[{"taxonomy":"product_brand","embeddable":true,"href":"https:\/\/www.ntvsys.de\/wp\/wp-json\/wp\/v2\/product_brand?post=4361"},{"taxonomy":"product_cat","embeddable":true,"href":"https:\/\/www.ntvsys.de\/wp\/wp-json\/wp\/v2\/product_cat?post=4361"},{"taxonomy":"product_tag","embeddable":true,"href":"https:\/\/www.ntvsys.de\/wp\/wp-json\/wp\/v2\/product_tag?post=4361"}],"curies":[{"name":"wp","href":"https:\/\/api.w.org\/{rel}","templated":true}]}}