{"id":4381,"date":"2024-11-27T15:19:15","date_gmt":"2024-11-27T13:19:15","guid":{"rendered":"https:\/\/www.ntvsys.de\/wp\/produkt\/dell-precision-3591-intel-core-ultra-7-165h-1-4-ghz-win-11-pro-nvidia-rtx-2000-ada-32-gb-ram-1-tb-ssd-nvme-class-40-39-6-cm-15-6-ips-1920-x-1080-full-hd-wi-fi-6e-grau-btp-m\/"},"modified":"2024-12-10T20:36:42","modified_gmt":"2024-12-10T18:36:42","slug":"dell-precision-3591-intel-core-ultra-7-165h-1-4-ghz-win-11-pro-nvidia-rtx-2000-ada-32-gb-ram-1-tb-ssd-nvme-class-40-39-6-cm-15-6-ips-1920-x-1080-full-hd-wi-fi-6e-grau-btp-m","status":"publish","type":"product","link":"https:\/\/www.ntvsys.de\/wp\/produkt\/dell-precision-3591-intel-core-ultra-7-165h-1-4-ghz-win-11-pro-nvidia-rtx-2000-ada-32-gb-ram-1-tb-ssd-nvme-class-40-39-6-cm-15-6-ips-1920-x-1080-full-hd-wi-fi-6e-grau-btp-m\/","title":{"rendered":"DELL Precision 3591 Intel Core Ultra 7 165H Mobiler Arbeitsplatz 39,6 cm (15.6&#8243;) Full HD 32 GB DDR5-SDRAM 1 TB SSD NVIDIA RTX 2000 Ada Wi-Fi 6E (802.11ax) Windows 11 Pro Grau"},"content":{"rendered":"<p>DELL Precision 3591. Produkttyp: Mobiler Arbeitsplatz, Formfaktor: Klappgeh\u00e4use. Prozessorfamilie: Intel Core Ultra 7, Prozessor: 165H. Bildschirmdiagonale: 39,6 cm (15.6&#8243;), HD-Typ: Full HD, Display-Aufl\u00f6sung: 1920 x 1080 Pixel. Speicherkapazit\u00e4t: 32 GB, Interner Speichertyp: DDR5-SDRAM. Gesamtspeicherkapazit\u00e4t: 1 TB, Speichermedien: SSD. Eingebautes Grafikkartenmodell: Intel Arc Graphics, Separates Grafikkartenmodell: NVIDIA RTX 2000 Ada. Installiertes Betriebssystem: Windows 11 Pro. Produktfarbe: Grau<\/p>\n","protected":false},"excerpt":{"rendered":"<p>DELL Precision 3591, Intel Core Ultra 7, 39,6 cm (15.6&#8243;), 1920 x 1080 Pixel, 32 GB, 1 TB, Windows 11 Pro<\/p>\n","protected":false},"featured_media":4921,"comment_status":"open","ping_status":"closed","template":"","meta":[],"product_brand":[],"product_cat":[1818],"product_tag":[],"class_list":{"0":"post-4381","1":"product","2":"type-product","3":"status-publish","4":"has-post-thumbnail","6":"product_cat-mobile-workstations","8":"first","9":"outofstock","10":"taxable","11":"shipping-taxable","12":"purchasable","13":"product-type-simple"},"_links":{"self":[{"href":"https:\/\/www.ntvsys.de\/wp\/wp-json\/wp\/v2\/product\/4381","targetHints":{"allow":["GET"]}}],"collection":[{"href":"https:\/\/www.ntvsys.de\/wp\/wp-json\/wp\/v2\/product"}],"about":[{"href":"https:\/\/www.ntvsys.de\/wp\/wp-json\/wp\/v2\/types\/product"}],"replies":[{"embeddable":true,"href":"https:\/\/www.ntvsys.de\/wp\/wp-json\/wp\/v2\/comments?post=4381"}],"wp:featuredmedia":[{"embeddable":true,"href":"https:\/\/www.ntvsys.de\/wp\/wp-json\/wp\/v2\/media\/4921"}],"wp:attachment":[{"href":"https:\/\/www.ntvsys.de\/wp\/wp-json\/wp\/v2\/media?parent=4381"}],"wp:term":[{"taxonomy":"product_brand","embeddable":true,"href":"https:\/\/www.ntvsys.de\/wp\/wp-json\/wp\/v2\/product_brand?post=4381"},{"taxonomy":"product_cat","embeddable":true,"href":"https:\/\/www.ntvsys.de\/wp\/wp-json\/wp\/v2\/product_cat?post=4381"},{"taxonomy":"product_tag","embeddable":true,"href":"https:\/\/www.ntvsys.de\/wp\/wp-json\/wp\/v2\/product_tag?post=4381"}],"curies":[{"name":"wp","href":"https:\/\/api.w.org\/{rel}","templated":true}]}}