{"id":4403,"date":"2024-11-27T15:19:21","date_gmt":"2024-11-27T13:19:21","guid":{"rendered":"https:\/\/www.ntvsys.de\/wp\/produkt\/lenovo-thinkpad-l16-gen-1-21l3-180-scharnierdesign-intel-core-ultra-5-125u-1-3-ghz-win-11-pro-intel-graphics-32-gb-ram-1-tb-ssd-tcg-opal-encryption-2-nvme-40-6-cm-16-ips-1920-2\/"},"modified":"2024-12-10T20:36:20","modified_gmt":"2024-12-10T18:36:20","slug":"lenovo-thinkpad-l16-gen-1-21l3-180-scharnierdesign-intel-core-ultra-5-125u-1-3-ghz-win-11-pro-intel-graphics-32-gb-ram-1-tb-ssd-tcg-opal-encryption-2-nvme-40-6-cm-16-ips-1920-2","status":"publish","type":"product","link":"https:\/\/www.ntvsys.de\/wp\/produkt\/lenovo-thinkpad-l16-gen-1-21l3-180-scharnierdesign-intel-core-ultra-5-125u-1-3-ghz-win-11-pro-intel-graphics-32-gb-ram-1-tb-ssd-tcg-opal-encryption-2-nvme-40-6-cm-16-ips-1920-2\/","title":{"rendered":"Lenovo ThinkPad L16 Intel Core Ultra 5 125U Laptop 40,6 cm (16&#8243;) WUXGA 32 GB DDR5-SDRAM 1 TB SSD Wi-Fi 6E (802.11ax) Windows 11 Pro Schwarz"},"content":{"rendered":"<p>Lenovo ThinkPad L16. Produkttyp: Laptop, Formfaktor: Klappgeh\u00e4use. Prozessorfamilie: Intel Core Ultra 5, Prozessor: 125U. Bildschirmdiagonale: 40,6 cm (16&#8243;), HD-Typ: WUXGA, Display-Aufl\u00f6sung: 1920 x 1200 Pixel. Speicherkapazit\u00e4t: 32 GB, Interner Speichertyp: DDR5-SDRAM. Gesamtspeicherkapazit\u00e4t: 1 TB, Speichermedien: SSD. Eingebautes Grafikkartenmodell: Intel Graphics. Mobilfunknetzgenerierung: 4G. Installiertes Betriebssystem: Windows 11 Pro. Produktfarbe: Schwarz<\/p>\n","protected":false},"excerpt":{"rendered":"<p>Lenovo ThinkPad L16, Intel Core Ultra 5, 40,6 cm (16&#8243;), 1920 x 1200 Pixel, 32 GB, 1 TB, Windows 11 Pro<\/p>\n","protected":false},"featured_media":4961,"comment_status":"open","ping_status":"closed","template":"","meta":[],"product_brand":[],"product_cat":[1675],"product_tag":[],"class_list":{"0":"post-4403","1":"product","2":"type-product","3":"status-publish","4":"has-post-thumbnail","6":"product_cat-notebooks","8":"first","9":"instock","10":"taxable","11":"shipping-taxable","12":"purchasable","13":"product-type-simple"},"_links":{"self":[{"href":"https:\/\/www.ntvsys.de\/wp\/wp-json\/wp\/v2\/product\/4403","targetHints":{"allow":["GET"]}}],"collection":[{"href":"https:\/\/www.ntvsys.de\/wp\/wp-json\/wp\/v2\/product"}],"about":[{"href":"https:\/\/www.ntvsys.de\/wp\/wp-json\/wp\/v2\/types\/product"}],"replies":[{"embeddable":true,"href":"https:\/\/www.ntvsys.de\/wp\/wp-json\/wp\/v2\/comments?post=4403"}],"wp:featuredmedia":[{"embeddable":true,"href":"https:\/\/www.ntvsys.de\/wp\/wp-json\/wp\/v2\/media\/4961"}],"wp:attachment":[{"href":"https:\/\/www.ntvsys.de\/wp\/wp-json\/wp\/v2\/media?parent=4403"}],"wp:term":[{"taxonomy":"product_brand","embeddable":true,"href":"https:\/\/www.ntvsys.de\/wp\/wp-json\/wp\/v2\/product_brand?post=4403"},{"taxonomy":"product_cat","embeddable":true,"href":"https:\/\/www.ntvsys.de\/wp\/wp-json\/wp\/v2\/product_cat?post=4403"},{"taxonomy":"product_tag","embeddable":true,"href":"https:\/\/www.ntvsys.de\/wp\/wp-json\/wp\/v2\/product_tag?post=4403"}],"curies":[{"name":"wp","href":"https:\/\/api.w.org\/{rel}","templated":true}]}}