{"id":4443,"date":"2024-11-27T15:19:32","date_gmt":"2024-11-27T13:19:32","guid":{"rendered":"https:\/\/www.ntvsys.de\/wp\/produkt\/dell-latitude-5450-intel-core-ultra-5-125u-1-3-ghz-win-11-pro-intel-graphics-16-gb-ram-512-gb-ssd-nvme-tlc-35-56-cm-14-ips-1920-x-1080-full-hd-wi-fi-6e-grau-bts-mit-1-jahr\/"},"modified":"2024-12-10T20:33:37","modified_gmt":"2024-12-10T18:33:37","slug":"dell-latitude-5450-intel-core-ultra-5-125u-1-3-ghz-win-11-pro-intel-graphics-16-gb-ram-512-gb-ssd-nvme-tlc-35-56-cm-14-ips-1920-x-1080-full-hd-wi-fi-6e-grau-bts-mit-1-jahr","status":"publish","type":"product","link":"https:\/\/www.ntvsys.de\/wp\/produkt\/dell-latitude-5450-intel-core-ultra-5-125u-1-3-ghz-win-11-pro-intel-graphics-16-gb-ram-512-gb-ssd-nvme-tlc-35-56-cm-14-ips-1920-x-1080-full-hd-wi-fi-6e-grau-bts-mit-1-jahr\/","title":{"rendered":"DELL Latitude 5450 Intel Core Ultra 5 125U Laptop 35,6 cm (14&#8243;) Full HD 16 GB DDR5-SDRAM 512 GB SSD Wi-Fi 6E (802.11ax) Windows 11 Pro Grau"},"content":{"rendered":"<p>DELL Latitude 5450. Produkttyp: Laptop, Formfaktor: Klappgeh\u00e4use. Prozessorfamilie: Intel Core Ultra 5, Prozessor: 125U. Bildschirmdiagonale: 35,6 cm (14&#8243;), HD-Typ: Full HD, Display-Aufl\u00f6sung: 1920 x 1080 Pixel. Speicherkapazit\u00e4t: 16 GB, Interner Speichertyp: DDR5-SDRAM. Gesamtspeicherkapazit\u00e4t: 512 GB, Speichermedien: SSD. Eingebautes Grafikkartenmodell: Intel Graphics. Installiertes Betriebssystem: Windows 11 Pro. Produktfarbe: Grau. Gewicht: 1,4 kg<\/p>\n","protected":false},"excerpt":{"rendered":"<p>DELL Latitude 5450, Intel Core Ultra 5, 35,6 cm (14&#8243;), 1920 x 1080 Pixel, 16 GB, 512 GB, Windows 11 Pro<\/p>\n","protected":false},"featured_media":5012,"comment_status":"open","ping_status":"closed","template":"","meta":[],"product_brand":[],"product_cat":[1064],"product_tag":[],"class_list":{"0":"post-4443","1":"product","2":"type-product","3":"status-publish","4":"has-post-thumbnail","6":"product_cat-notebook","8":"first","9":"instock","10":"taxable","11":"shipping-taxable","12":"purchasable","13":"product-type-simple"},"_links":{"self":[{"href":"https:\/\/www.ntvsys.de\/wp\/wp-json\/wp\/v2\/product\/4443","targetHints":{"allow":["GET"]}}],"collection":[{"href":"https:\/\/www.ntvsys.de\/wp\/wp-json\/wp\/v2\/product"}],"about":[{"href":"https:\/\/www.ntvsys.de\/wp\/wp-json\/wp\/v2\/types\/product"}],"replies":[{"embeddable":true,"href":"https:\/\/www.ntvsys.de\/wp\/wp-json\/wp\/v2\/comments?post=4443"}],"wp:featuredmedia":[{"embeddable":true,"href":"https:\/\/www.ntvsys.de\/wp\/wp-json\/wp\/v2\/media\/5012"}],"wp:attachment":[{"href":"https:\/\/www.ntvsys.de\/wp\/wp-json\/wp\/v2\/media?parent=4443"}],"wp:term":[{"taxonomy":"product_brand","embeddable":true,"href":"https:\/\/www.ntvsys.de\/wp\/wp-json\/wp\/v2\/product_brand?post=4443"},{"taxonomy":"product_cat","embeddable":true,"href":"https:\/\/www.ntvsys.de\/wp\/wp-json\/wp\/v2\/product_cat?post=4443"},{"taxonomy":"product_tag","embeddable":true,"href":"https:\/\/www.ntvsys.de\/wp\/wp-json\/wp\/v2\/product_tag?post=4443"}],"curies":[{"name":"wp","href":"https:\/\/api.w.org\/{rel}","templated":true}]}}