{"id":4670,"date":"2024-11-27T15:20:35","date_gmt":"2024-11-27T13:20:35","guid":{"rendered":"https:\/\/www.ntvsys.de\/wp\/produkt\/nvidia-t1000-grafikkarten-t1000-8-gb-gddr6-pcie-3-0-x16-4-x-mini-displayport-braune-box-fuer-thinkstation-p3-p3-ultra-p340-p350-p358-p520-p620-p720-p920\/"},"modified":"2026-02-08T13:02:17","modified_gmt":"2026-02-08T11:02:17","slug":"nvidia-t1000-grafikkarten-t1000-8-gb-gddr6-pcie-3-0-x16-4-x-mini-displayport-braune-box-fuer-thinkstation-p3-p3-ultra-p340-p350-p358-p520-p620-p720-p920","status":"publish","type":"product","link":"https:\/\/www.ntvsys.de\/wp\/produkt\/nvidia-t1000-grafikkarten-t1000-8-gb-gddr6-pcie-3-0-x16-4-x-mini-displayport-braune-box-fuer-thinkstation-p3-p3-ultra-p340-p350-p358-p520-p620-p720-p920\/","title":{"rendered":"Lenovo Nvidia T1000 8 GB GDDR6"},"content":{"rendered":"<p>Lenovo Nvidia T1000. Grafikprozessorenfamilie: NVIDIA, GPU: T1000. Separater Grafik-Adapterspeicher: 8 GB, Grafikkartenspeichertyp: GDDR6. Maximale Aufl\u00f6sung: 7680 x 4320 Pixel. Schnittstelle: PCI Express x16 3.0. K\u00fchlung: Aktiv, Anzahl L\u00fcfter: 1 L\u00fcfter<\/p>\n","protected":false},"excerpt":{"rendered":"<p>Lenovo Nvidia T1000, T1000, 8 GB, GDDR6, 7680 x 4320 Pixel, PCI Express x16 3.0, 1 L\u00fcfter<\/p>\n","protected":false},"featured_media":5365,"comment_status":"open","ping_status":"closed","template":"","meta":[],"product_brand":[],"product_cat":[1770],"product_tag":[],"class_list":{"0":"post-4670","1":"product","2":"type-product","3":"status-publish","4":"has-post-thumbnail","6":"product_cat-grafikkarten","8":"first","9":"instock","10":"taxable","11":"shipping-taxable","12":"purchasable","13":"product-type-simple"},"_links":{"self":[{"href":"https:\/\/www.ntvsys.de\/wp\/wp-json\/wp\/v2\/product\/4670","targetHints":{"allow":["GET"]}}],"collection":[{"href":"https:\/\/www.ntvsys.de\/wp\/wp-json\/wp\/v2\/product"}],"about":[{"href":"https:\/\/www.ntvsys.de\/wp\/wp-json\/wp\/v2\/types\/product"}],"replies":[{"embeddable":true,"href":"https:\/\/www.ntvsys.de\/wp\/wp-json\/wp\/v2\/comments?post=4670"}],"wp:featuredmedia":[{"embeddable":true,"href":"https:\/\/www.ntvsys.de\/wp\/wp-json\/wp\/v2\/media\/5365"}],"wp:attachment":[{"href":"https:\/\/www.ntvsys.de\/wp\/wp-json\/wp\/v2\/media?parent=4670"}],"wp:term":[{"taxonomy":"product_brand","embeddable":true,"href":"https:\/\/www.ntvsys.de\/wp\/wp-json\/wp\/v2\/product_brand?post=4670"},{"taxonomy":"product_cat","embeddable":true,"href":"https:\/\/www.ntvsys.de\/wp\/wp-json\/wp\/v2\/product_cat?post=4670"},{"taxonomy":"product_tag","embeddable":true,"href":"https:\/\/www.ntvsys.de\/wp\/wp-json\/wp\/v2\/product_tag?post=4670"}],"curies":[{"name":"wp","href":"https:\/\/api.w.org\/{rel}","templated":true}]}}