{"id":4763,"date":"2024-11-27T15:21:00","date_gmt":"2024-11-27T13:21:00","guid":{"rendered":"https:\/\/www.ntvsys.de\/wp\/produkt\/dell-precision-7780-intel-core-i7-13850hx-2-1-ghz-win-11-pro-nvidia-rtx-2000-ada-16-gb-ram-512-gb-ssd-nvme-class-40-43-2-cm-17-1920-x-1080-full-hd-wi-fi-6e-grau-kbd-deutsch\/"},"modified":"2024-12-10T20:26:00","modified_gmt":"2024-12-10T18:26:00","slug":"dell-precision-7780-intel-core-i7-13850hx-2-1-ghz-win-11-pro-nvidia-rtx-2000-ada-16-gb-ram-512-gb-ssd-nvme-class-40-43-2-cm-17-1920-x-1080-full-hd-wi-fi-6e-grau-kbd-deutsch","status":"publish","type":"product","link":"https:\/\/www.ntvsys.de\/wp\/produkt\/dell-precision-7780-intel-core-i7-13850hx-2-1-ghz-win-11-pro-nvidia-rtx-2000-ada-16-gb-ram-512-gb-ssd-nvme-class-40-43-2-cm-17-1920-x-1080-full-hd-wi-fi-6e-grau-kbd-deutsch\/","title":{"rendered":"DELL Precision 7780 Intel\u00ae Core\u2122 i7 i7-13850HX Mobiler Arbeitsplatz 43,9 cm (17.3&#8243;) Full HD 16 GB DDR5-SDRAM 512 GB SSD NVIDIA RTX 2000 Ada Wi-Fi 6E (802.11ax) Windows 11 Pro Grau"},"content":{"rendered":"<p>DELL Precision 7780. Produkttyp: Mobiler Arbeitsplatz, Formfaktor: Klappgeh\u00e4use. Prozessorfamilie: Intel\u00ae Core\u2122 i7, Prozessor: i7-13850HX. Bildschirmdiagonale: 43,9 cm (17.3&#8243;), HD-Typ: Full HD, Display-Aufl\u00f6sung: 1920 x 1080 Pixel. Speicherkapazit\u00e4t: 16 GB, Interner Speichertyp: DDR5-SDRAM. Gesamtspeicherkapazit\u00e4t: 512 GB, Speichermedien: SSD. Eingebautes Grafikkartenmodell: Intel\u00ae UHD Graphics, Separates Grafikkartenmodell: NVIDIA RTX 2000 Ada. Installiertes Betriebssystem: Windows 11 Pro. Produktfarbe: Grau<\/p>\n","protected":false},"excerpt":{"rendered":"<p>DELL Precision 7780, Intel\u00ae Core\u2122 i7, 43,9 cm (17.3&#8243;), 1920 x 1080 Pixel, 16 GB, 512 GB, Windows 11 Pro<\/p>\n","protected":false},"featured_media":5500,"comment_status":"open","ping_status":"closed","template":"","meta":[],"product_brand":[],"product_cat":[1064],"product_tag":[],"class_list":{"0":"post-4763","1":"product","2":"type-product","3":"status-publish","4":"has-post-thumbnail","6":"product_cat-notebook","8":"first","9":"instock","10":"taxable","11":"shipping-taxable","12":"purchasable","13":"product-type-simple"},"_links":{"self":[{"href":"https:\/\/www.ntvsys.de\/wp\/wp-json\/wp\/v2\/product\/4763","targetHints":{"allow":["GET"]}}],"collection":[{"href":"https:\/\/www.ntvsys.de\/wp\/wp-json\/wp\/v2\/product"}],"about":[{"href":"https:\/\/www.ntvsys.de\/wp\/wp-json\/wp\/v2\/types\/product"}],"replies":[{"embeddable":true,"href":"https:\/\/www.ntvsys.de\/wp\/wp-json\/wp\/v2\/comments?post=4763"}],"wp:featuredmedia":[{"embeddable":true,"href":"https:\/\/www.ntvsys.de\/wp\/wp-json\/wp\/v2\/media\/5500"}],"wp:attachment":[{"href":"https:\/\/www.ntvsys.de\/wp\/wp-json\/wp\/v2\/media?parent=4763"}],"wp:term":[{"taxonomy":"product_brand","embeddable":true,"href":"https:\/\/www.ntvsys.de\/wp\/wp-json\/wp\/v2\/product_brand?post=4763"},{"taxonomy":"product_cat","embeddable":true,"href":"https:\/\/www.ntvsys.de\/wp\/wp-json\/wp\/v2\/product_cat?post=4763"},{"taxonomy":"product_tag","embeddable":true,"href":"https:\/\/www.ntvsys.de\/wp\/wp-json\/wp\/v2\/product_tag?post=4763"}],"curies":[{"name":"wp","href":"https:\/\/api.w.org\/{rel}","templated":true}]}}