{"id":4767,"date":"2024-11-27T15:21:01","date_gmt":"2024-11-27T13:21:01","guid":{"rendered":"https:\/\/www.ntvsys.de\/wp\/produkt\/lenovo-thinkpad-p16-gen-2-21fa-intel-core-i9-13980hx-2-2-ghz-win-11-pro-rtx-2000-ada-32-gb-ram-1-tb-ssd-tcg-opal-encryption-2-nvme-performance-40-6-cm-16-ips-2560-x-1600-wqxga-1\/"},"modified":"2024-11-27T15:24:25","modified_gmt":"2024-11-27T13:24:25","slug":"lenovo-thinkpad-p16-gen-2-21fa-intel-core-i9-13980hx-2-2-ghz-win-11-pro-rtx-2000-ada-32-gb-ram-1-tb-ssd-tcg-opal-encryption-2-nvme-performance-40-6-cm-16-ips-2560-x-1600-wqxga-1","status":"publish","type":"product","link":"https:\/\/www.ntvsys.de\/wp\/produkt\/lenovo-thinkpad-p16-gen-2-21fa-intel-core-i9-13980hx-2-2-ghz-win-11-pro-rtx-2000-ada-32-gb-ram-1-tb-ssd-tcg-opal-encryption-2-nvme-performance-40-6-cm-16-ips-2560-x-1600-wqxga-1\/","title":{"rendered":"Lenovo ThinkPad P16 Intel\u00ae Core\u2122 i9 i9-13980HX Mobiler Arbeitsplatz 40,6 cm (16&#8243;) WQXGA 32 GB DDR5-SDRAM 1 TB SSD NVIDIA RTX 2000 Ada Wi-Fi 6E (802.11ax) Windows 11 Pro Grau, Schwarz"},"content":{"rendered":"<p>Lenovo ThinkPad P16. Produkttyp: Mobiler Arbeitsplatz, Formfaktor: Klappgeh\u00e4use. Prozessorfamilie: Intel\u00ae Core\u2122 i9, Prozessor: i9-13980HX. Bildschirmdiagonale: 40,6 cm (16&#8243;), HD-Typ: WQXGA, Display-Aufl\u00f6sung: 2560 x 1600 Pixel. Speicherkapazit\u00e4t: 32 GB, Interner Speichertyp: DDR5-SDRAM. Gesamtspeicherkapazit\u00e4t: 1 TB, Speichermedien: SSD. Eingebautes Grafikkartenmodell: Intel\u00ae UHD Graphics, Separates Grafikkartenmodell: NVIDIA RTX 2000 Ada. Installiertes Betriebssystem: Windows 11 Pro. Produktfarbe: Grau, Schwarz<\/p>\n","protected":false},"excerpt":{"rendered":"<p>Lenovo ThinkPad P16, Intel\u00ae Core\u2122 i9, 40,6 cm (16&#8243;), 2560 x 1600 Pixel, 32 GB, 1 TB, Windows 11 Pro<\/p>\n","protected":false},"featured_media":5508,"comment_status":"open","ping_status":"closed","template":"","meta":[],"product_brand":[],"product_cat":[1818],"product_tag":[],"class_list":{"0":"post-4767","1":"product","2":"type-product","3":"status-publish","4":"has-post-thumbnail","6":"product_cat-mobile-workstations","8":"first","9":"instock","10":"taxable","11":"shipping-taxable","12":"product-type-simple"},"_links":{"self":[{"href":"https:\/\/www.ntvsys.de\/wp\/wp-json\/wp\/v2\/product\/4767","targetHints":{"allow":["GET"]}}],"collection":[{"href":"https:\/\/www.ntvsys.de\/wp\/wp-json\/wp\/v2\/product"}],"about":[{"href":"https:\/\/www.ntvsys.de\/wp\/wp-json\/wp\/v2\/types\/product"}],"replies":[{"embeddable":true,"href":"https:\/\/www.ntvsys.de\/wp\/wp-json\/wp\/v2\/comments?post=4767"}],"wp:featuredmedia":[{"embeddable":true,"href":"https:\/\/www.ntvsys.de\/wp\/wp-json\/wp\/v2\/media\/5508"}],"wp:attachment":[{"href":"https:\/\/www.ntvsys.de\/wp\/wp-json\/wp\/v2\/media?parent=4767"}],"wp:term":[{"taxonomy":"product_brand","embeddable":true,"href":"https:\/\/www.ntvsys.de\/wp\/wp-json\/wp\/v2\/product_brand?post=4767"},{"taxonomy":"product_cat","embeddable":true,"href":"https:\/\/www.ntvsys.de\/wp\/wp-json\/wp\/v2\/product_cat?post=4767"},{"taxonomy":"product_tag","embeddable":true,"href":"https:\/\/www.ntvsys.de\/wp\/wp-json\/wp\/v2\/product_tag?post=4767"}],"curies":[{"name":"wp","href":"https:\/\/api.w.org\/{rel}","templated":true}]}}