{"id":4832,"date":"2024-11-27T15:21:18","date_gmt":"2024-11-27T13:21:18","guid":{"rendered":"https:\/\/www.ntvsys.de\/wp\/produkt\/lenovo-thinksystem-st650-v3-7d7a-server-tower-4u-zweiweg-1-x-xeon-silver-4410y-2-ghz-ram-32-gb-sas-hot-swap-6-4-cm-2-5-schacht-schaechte-keine-hdd-ast2600-1gbe-10gbe-kein\/"},"modified":"2024-12-10T20:16:37","modified_gmt":"2024-12-10T18:16:37","slug":"lenovo-thinksystem-st650-v3-7d7a-server-tower-4u-zweiweg-1-x-xeon-silver-4410y-2-ghz-ram-32-gb-sas-hot-swap-6-4-cm-2-5-schacht-schaechte-keine-hdd-ast2600-1gbe-10gbe-kein","status":"publish","type":"product","link":"https:\/\/www.ntvsys.de\/wp\/produkt\/lenovo-thinksystem-st650-v3-7d7a-server-tower-4u-zweiweg-1-x-xeon-silver-4410y-2-ghz-ram-32-gb-sas-hot-swap-6-4-cm-2-5-schacht-schaechte-keine-hdd-ast2600-1gbe-10gbe-kein\/","title":{"rendered":"Lenovo ThinkSystem ST650 V3 Server Tower Intel\u00ae Xeon Silver 4410Y 2 GHz 32 GB DDR5-SDRAM 1100 W"},"content":{"rendered":"<p>Lenovo ThinkSystem ST650 V3. Prozessorfamilie: Intel\u00ae Xeon Silver, Prozessor-Taktfrequenz: 2 GHz, Prozessor: 4410Y. Speicherkapazit\u00e4t: 32 GB, Interner Speichertyp: DDR5-SDRAM, Speicherlayout: 1 x 32 GB. Ethernet\/LAN, Verkabelungstechnologie: 10\/100\/1000Base-T(X). Stromversorgung: 1100 W, Unterst\u00fctzung f\u00fcr redundantes Netzteil. Geh\u00e4usetyp: Tower<\/p>\n","protected":false},"excerpt":{"rendered":"<p>Lenovo ThinkSystem ST650 V3, 2 GHz, 4410Y, 32 GB, DDR5-SDRAM, 1100 W, Tower<\/p>\n","protected":false},"featured_media":5597,"comment_status":"open","ping_status":"closed","template":"","meta":[],"product_brand":[],"product_cat":[1671],"product_tag":[],"class_list":{"0":"post-4832","1":"product","2":"type-product","3":"status-publish","4":"has-post-thumbnail","6":"product_cat-tower-server","8":"first","9":"instock","10":"taxable","11":"shipping-taxable","12":"purchasable","13":"product-type-simple"},"_links":{"self":[{"href":"https:\/\/www.ntvsys.de\/wp\/wp-json\/wp\/v2\/product\/4832","targetHints":{"allow":["GET"]}}],"collection":[{"href":"https:\/\/www.ntvsys.de\/wp\/wp-json\/wp\/v2\/product"}],"about":[{"href":"https:\/\/www.ntvsys.de\/wp\/wp-json\/wp\/v2\/types\/product"}],"replies":[{"embeddable":true,"href":"https:\/\/www.ntvsys.de\/wp\/wp-json\/wp\/v2\/comments?post=4832"}],"wp:featuredmedia":[{"embeddable":true,"href":"https:\/\/www.ntvsys.de\/wp\/wp-json\/wp\/v2\/media\/5597"}],"wp:attachment":[{"href":"https:\/\/www.ntvsys.de\/wp\/wp-json\/wp\/v2\/media?parent=4832"}],"wp:term":[{"taxonomy":"product_brand","embeddable":true,"href":"https:\/\/www.ntvsys.de\/wp\/wp-json\/wp\/v2\/product_brand?post=4832"},{"taxonomy":"product_cat","embeddable":true,"href":"https:\/\/www.ntvsys.de\/wp\/wp-json\/wp\/v2\/product_cat?post=4832"},{"taxonomy":"product_tag","embeddable":true,"href":"https:\/\/www.ntvsys.de\/wp\/wp-json\/wp\/v2\/product_tag?post=4832"}],"curies":[{"name":"wp","href":"https:\/\/api.w.org\/{rel}","templated":true}]}}