{"id":4959,"date":"2024-11-27T15:21:52","date_gmt":"2024-11-27T13:21:52","guid":{"rendered":"https:\/\/www.ntvsys.de\/wp\/produkt\/lenovo-thinkbook-16p-g5-irx-21n5-intel-core-i9-i9-14900hx-2-2-ghz-win-11-pro-geforce-rtx-4060-32-gb-ram-1-tb-ssd-nvme-40-6-cm-16-ips-3200-x-2000-3-2k-165-hz-wi-fi-6e-bluetooth\/"},"modified":"2024-12-10T20:36:49","modified_gmt":"2024-12-10T18:36:49","slug":"lenovo-thinkbook-16p-g5-irx-21n5-intel-core-i9-i9-14900hx-2-2-ghz-win-11-pro-geforce-rtx-4060-32-gb-ram-1-tb-ssd-nvme-40-6-cm-16-ips-3200-x-2000-3-2k-165-hz-wi-fi-6e-bluetooth","status":"publish","type":"product","link":"https:\/\/www.ntvsys.de\/wp\/produkt\/lenovo-thinkbook-16p-g5-irx-21n5-intel-core-i9-i9-14900hx-2-2-ghz-win-11-pro-geforce-rtx-4060-32-gb-ram-1-tb-ssd-nvme-40-6-cm-16-ips-3200-x-2000-3-2k-165-hz-wi-fi-6e-bluetooth\/","title":{"rendered":"Lenovo ThinkBook 16p G5 IRX Intel\u00ae Core\u2122 i9 i9-14900HX Laptop 40,6 cm (16&#8243;) 3.2K 32 GB DDR5-SDRAM 1 TB SSD NVIDIA GeForce RTX 4060 Wi-Fi 6E (802.11ax) Windows 11 Pro Grau"},"content":{"rendered":"<p>Lenovo ThinkBook 16p G5 IRX. Produkttyp: Laptop, Formfaktor: Klappgeh\u00e4use. Prozessorfamilie: Intel\u00ae Core\u2122 i9, Prozessor: i9-14900HX. Bildschirmdiagonale: 40,6 cm (16&#8243;), HD-Typ: 3.2K, Display-Aufl\u00f6sung: 3200 x 2000 Pixel. Speicherkapazit\u00e4t: 32 GB, Interner Speichertyp: DDR5-SDRAM. Gesamtspeicherkapazit\u00e4t: 1 TB, Speichermedien: SSD. Eingebautes Grafikkartenmodell: Intel\u00ae UHD Graphics, Separates Grafikkartenmodell: NVIDIA GeForce RTX 4060. Installiertes Betriebssystem: Windows 11 Pro. Produktfarbe: Grau<\/p>\n","protected":false},"excerpt":{"rendered":"<p>Lenovo ThinkBook 16p G5 IRX, Intel\u00ae Core\u2122 i9, 40,6 cm (16&#8243;), 3200 x 2000 Pixel, 32 GB, 1 TB, Windows 11 Pro<\/p>\n","protected":false},"featured_media":5822,"comment_status":"open","ping_status":"closed","template":"","meta":[],"product_brand":[],"product_cat":[1064],"product_tag":[],"class_list":{"0":"post-4959","1":"product","2":"type-product","3":"status-publish","4":"has-post-thumbnail","6":"product_cat-notebook","8":"first","9":"instock","10":"taxable","11":"shipping-taxable","12":"purchasable","13":"product-type-simple"},"_links":{"self":[{"href":"https:\/\/www.ntvsys.de\/wp\/wp-json\/wp\/v2\/product\/4959","targetHints":{"allow":["GET"]}}],"collection":[{"href":"https:\/\/www.ntvsys.de\/wp\/wp-json\/wp\/v2\/product"}],"about":[{"href":"https:\/\/www.ntvsys.de\/wp\/wp-json\/wp\/v2\/types\/product"}],"replies":[{"embeddable":true,"href":"https:\/\/www.ntvsys.de\/wp\/wp-json\/wp\/v2\/comments?post=4959"}],"wp:featuredmedia":[{"embeddable":true,"href":"https:\/\/www.ntvsys.de\/wp\/wp-json\/wp\/v2\/media\/5822"}],"wp:attachment":[{"href":"https:\/\/www.ntvsys.de\/wp\/wp-json\/wp\/v2\/media?parent=4959"}],"wp:term":[{"taxonomy":"product_brand","embeddable":true,"href":"https:\/\/www.ntvsys.de\/wp\/wp-json\/wp\/v2\/product_brand?post=4959"},{"taxonomy":"product_cat","embeddable":true,"href":"https:\/\/www.ntvsys.de\/wp\/wp-json\/wp\/v2\/product_cat?post=4959"},{"taxonomy":"product_tag","embeddable":true,"href":"https:\/\/www.ntvsys.de\/wp\/wp-json\/wp\/v2\/product_tag?post=4959"}],"curies":[{"name":"wp","href":"https:\/\/api.w.org\/{rel}","templated":true}]}}