{"id":4970,"date":"2024-11-27T15:21:55","date_gmt":"2024-11-27T13:21:55","guid":{"rendered":"https:\/\/www.ntvsys.de\/wp\/produkt\/lenovo-thinkbook-14-g7-iml-21mr-180-scharnierdesign-intel-core-ultra-7-155h-1-4-ghz-win-11-pro-intel-arc-graphics-32-gb-ram-1-tb-ssd-nvme-35-6-cm-14-ips-1920-x-1200-wi-fi-6e\/"},"modified":"2024-12-10T19:32:33","modified_gmt":"2024-12-10T17:32:33","slug":"lenovo-thinkbook-14-g7-iml-21mr-180-scharnierdesign-intel-core-ultra-7-155h-1-4-ghz-win-11-pro-intel-arc-graphics-32-gb-ram-1-tb-ssd-nvme-35-6-cm-14-ips-1920-x-1200-wi-fi-6e","status":"publish","type":"product","link":"https:\/\/www.ntvsys.de\/wp\/produkt\/lenovo-thinkbook-14-g7-iml-21mr-180-scharnierdesign-intel-core-ultra-7-155h-1-4-ghz-win-11-pro-intel-arc-graphics-32-gb-ram-1-tb-ssd-nvme-35-6-cm-14-ips-1920-x-1200-wi-fi-6e\/","title":{"rendered":"Lenovo ThinkBook 14 G7 IML Intel Core Ultra 7 155H Laptop 35,6 cm (14&#8243;) WUXGA 32 GB DDR5-SDRAM 1 TB SSD Wi-Fi 6E (802.11ax) Windows 11 Pro Grau"},"content":{"rendered":"<p>Lenovo ThinkBook 14 G7 IML. Produkttyp: Laptop, Formfaktor: Klappgeh\u00e4use. Prozessorfamilie: Intel Core Ultra 7, Prozessor: 155H. Bildschirmdiagonale: 35,6 cm (14&#8243;), HD-Typ: WUXGA, Display-Aufl\u00f6sung: 1920 x 1200 Pixel. Speicherkapazit\u00e4t: 32 GB, Interner Speichertyp: DDR5-SDRAM. Gesamtspeicherkapazit\u00e4t: 1 TB, Speichermedien: SSD. Eingebautes Grafikkartenmodell: Intel Arc Graphics. Installiertes Betriebssystem: Windows 11 Pro. Produktfarbe: Grau. Gewicht: 1,38 kg<\/p>\n","protected":false},"excerpt":{"rendered":"<p>Lenovo ThinkBook 14 G7 IML, Intel Core Ultra 7, 35,6 cm (14&#8243;), 1920 x 1200 Pixel, 32 GB, 1 TB, Windows 11 Pro<\/p>\n","protected":false},"featured_media":5837,"comment_status":"open","ping_status":"closed","template":"","meta":[],"product_brand":[],"product_cat":[1064],"product_tag":[],"class_list":{"0":"post-4970","1":"product","2":"type-product","3":"status-publish","4":"has-post-thumbnail","6":"product_cat-notebook","8":"first","9":"instock","10":"taxable","11":"shipping-taxable","12":"purchasable","13":"product-type-simple"},"_links":{"self":[{"href":"https:\/\/www.ntvsys.de\/wp\/wp-json\/wp\/v2\/product\/4970","targetHints":{"allow":["GET"]}}],"collection":[{"href":"https:\/\/www.ntvsys.de\/wp\/wp-json\/wp\/v2\/product"}],"about":[{"href":"https:\/\/www.ntvsys.de\/wp\/wp-json\/wp\/v2\/types\/product"}],"replies":[{"embeddable":true,"href":"https:\/\/www.ntvsys.de\/wp\/wp-json\/wp\/v2\/comments?post=4970"}],"wp:featuredmedia":[{"embeddable":true,"href":"https:\/\/www.ntvsys.de\/wp\/wp-json\/wp\/v2\/media\/5837"}],"wp:attachment":[{"href":"https:\/\/www.ntvsys.de\/wp\/wp-json\/wp\/v2\/media?parent=4970"}],"wp:term":[{"taxonomy":"product_brand","embeddable":true,"href":"https:\/\/www.ntvsys.de\/wp\/wp-json\/wp\/v2\/product_brand?post=4970"},{"taxonomy":"product_cat","embeddable":true,"href":"https:\/\/www.ntvsys.de\/wp\/wp-json\/wp\/v2\/product_cat?post=4970"},{"taxonomy":"product_tag","embeddable":true,"href":"https:\/\/www.ntvsys.de\/wp\/wp-json\/wp\/v2\/product_tag?post=4970"}],"curies":[{"name":"wp","href":"https:\/\/api.w.org\/{rel}","templated":true}]}}