{"id":4979,"date":"2024-11-27T15:21:57","date_gmt":"2024-11-27T13:21:57","guid":{"rendered":"https:\/\/www.ntvsys.de\/wp\/produkt\/lenovo-thinkpad-e16-gen-2-21ma-180-scharnierdesign-intel-core-ultra-7-155h-1-4-ghz-win-11-pro-intel-arc-graphics-16-gb-ram-512-gb-ssd-tcg-opal-encryption-2-nvme-40-6-cm-16-ip\/"},"modified":"2024-12-10T19:32:20","modified_gmt":"2024-12-10T17:32:20","slug":"lenovo-thinkpad-e16-gen-2-21ma-180-scharnierdesign-intel-core-ultra-7-155h-1-4-ghz-win-11-pro-intel-arc-graphics-16-gb-ram-512-gb-ssd-tcg-opal-encryption-2-nvme-40-6-cm-16-ip","status":"publish","type":"product","link":"https:\/\/www.ntvsys.de\/wp\/produkt\/lenovo-thinkpad-e16-gen-2-21ma-180-scharnierdesign-intel-core-ultra-7-155h-1-4-ghz-win-11-pro-intel-arc-graphics-16-gb-ram-512-gb-ssd-tcg-opal-encryption-2-nvme-40-6-cm-16-ip\/","title":{"rendered":"Lenovo ThinkPad E16 Intel Core Ultra 7 155H Laptop 40,6 cm (16&#8243;) WUXGA 16 GB DDR5-SDRAM 512 GB SSD Wi-Fi 6E (802.11ax) Windows 11 Pro Schwarz"},"content":{"rendered":"<p>Lenovo ThinkPad E16. Produkttyp: Laptop, Formfaktor: Klappgeh\u00e4use. Prozessorfamilie: Intel Core Ultra 7, Prozessor: 155H. Bildschirmdiagonale: 40,6 cm (16&#8243;), HD-Typ: WUXGA, Display-Aufl\u00f6sung: 1920 x 1200 Pixel. Speicherkapazit\u00e4t: 16 GB, Interner Speichertyp: DDR5-SDRAM. Gesamtspeicherkapazit\u00e4t: 512 GB, Speichermedien: SSD. Eingebautes Grafikkartenmodell: Intel Arc Graphics. Installiertes Betriebssystem: Windows 11 Pro. Produktfarbe: Schwarz. Gewicht: 1,81 kg<\/p>\n","protected":false},"excerpt":{"rendered":"<p>Lenovo ThinkPad E16, Intel Core Ultra 7, 40,6 cm (16&#8243;), 1920 x 1200 Pixel, 16 GB, 512 GB, Windows 11 Pro<\/p>\n","protected":false},"featured_media":5850,"comment_status":"open","ping_status":"closed","template":"","meta":[],"product_brand":[],"product_cat":[1064],"product_tag":[],"class_list":{"0":"post-4979","1":"product","2":"type-product","3":"status-publish","4":"has-post-thumbnail","6":"product_cat-notebook","8":"first","9":"instock","10":"taxable","11":"shipping-taxable","12":"purchasable","13":"product-type-simple"},"_links":{"self":[{"href":"https:\/\/www.ntvsys.de\/wp\/wp-json\/wp\/v2\/product\/4979","targetHints":{"allow":["GET"]}}],"collection":[{"href":"https:\/\/www.ntvsys.de\/wp\/wp-json\/wp\/v2\/product"}],"about":[{"href":"https:\/\/www.ntvsys.de\/wp\/wp-json\/wp\/v2\/types\/product"}],"replies":[{"embeddable":true,"href":"https:\/\/www.ntvsys.de\/wp\/wp-json\/wp\/v2\/comments?post=4979"}],"wp:featuredmedia":[{"embeddable":true,"href":"https:\/\/www.ntvsys.de\/wp\/wp-json\/wp\/v2\/media\/5850"}],"wp:attachment":[{"href":"https:\/\/www.ntvsys.de\/wp\/wp-json\/wp\/v2\/media?parent=4979"}],"wp:term":[{"taxonomy":"product_brand","embeddable":true,"href":"https:\/\/www.ntvsys.de\/wp\/wp-json\/wp\/v2\/product_brand?post=4979"},{"taxonomy":"product_cat","embeddable":true,"href":"https:\/\/www.ntvsys.de\/wp\/wp-json\/wp\/v2\/product_cat?post=4979"},{"taxonomy":"product_tag","embeddable":true,"href":"https:\/\/www.ntvsys.de\/wp\/wp-json\/wp\/v2\/product_tag?post=4979"}],"curies":[{"name":"wp","href":"https:\/\/api.w.org\/{rel}","templated":true}]}}