{"id":5353,"date":"2024-11-27T15:23:41","date_gmt":"2024-11-27T13:23:41","guid":{"rendered":"https:\/\/www.ntvsys.de\/wp\/produkt\/memory-16gb-ddr4-2666mhz-reg-ecc-module\/"},"modified":"2026-02-08T12:57:31","modified_gmt":"2026-02-08T10:57:31","slug":"memory-16gb-ddr4-2666mhz-reg-ecc-module","status":"publish","type":"product","link":"https:\/\/www.ntvsys.de\/wp\/produkt\/memory-16gb-ddr4-2666mhz-reg-ecc-module\/","title":{"rendered":"Kingston Technology System Specific Memory KCS-UC426\/16G Speichermodul 16 GB 1 x 16 GB DDR4 2666 MHz ECC"},"content":{"rendered":"<p>Kingston Technology System Specific Memory KCS-UC426\/16G. Komponente f\u00fcr: PC \/ Server, Speicherkapazit\u00e4t: 16 GB, Speicherlayout (Module x Gr\u00f6\u00dfe): 1 x 16 GB, Interner Speichertyp: DDR4, Speichertaktfrequenz: 2666 MHz, Memory Formfaktor: 288-pin DIMM, ECC<\/p>\n","protected":false},"excerpt":{"rendered":"<p>Kingston Technology System Specific Memory KCS-UC426\/16G, 16 GB, 1 x 16 GB, DDR4, 2666 MHz, 288-pin DIMM<\/p>\n","protected":false},"featured_media":6402,"comment_status":"open","ping_status":"closed","template":"","meta":[],"product_brand":[],"product_cat":[1166],"product_tag":[],"class_list":{"0":"post-5353","1":"product","2":"type-product","3":"status-publish","4":"has-post-thumbnail","6":"product_cat-speicher","8":"first","9":"outofstock","10":"taxable","11":"shipping-taxable","12":"purchasable","13":"product-type-simple"},"_links":{"self":[{"href":"https:\/\/www.ntvsys.de\/wp\/wp-json\/wp\/v2\/product\/5353","targetHints":{"allow":["GET"]}}],"collection":[{"href":"https:\/\/www.ntvsys.de\/wp\/wp-json\/wp\/v2\/product"}],"about":[{"href":"https:\/\/www.ntvsys.de\/wp\/wp-json\/wp\/v2\/types\/product"}],"replies":[{"embeddable":true,"href":"https:\/\/www.ntvsys.de\/wp\/wp-json\/wp\/v2\/comments?post=5353"}],"wp:featuredmedia":[{"embeddable":true,"href":"https:\/\/www.ntvsys.de\/wp\/wp-json\/wp\/v2\/media\/6402"}],"wp:attachment":[{"href":"https:\/\/www.ntvsys.de\/wp\/wp-json\/wp\/v2\/media?parent=5353"}],"wp:term":[{"taxonomy":"product_brand","embeddable":true,"href":"https:\/\/www.ntvsys.de\/wp\/wp-json\/wp\/v2\/product_brand?post=5353"},{"taxonomy":"product_cat","embeddable":true,"href":"https:\/\/www.ntvsys.de\/wp\/wp-json\/wp\/v2\/product_cat?post=5353"},{"taxonomy":"product_tag","embeddable":true,"href":"https:\/\/www.ntvsys.de\/wp\/wp-json\/wp\/v2\/product_tag?post=5353"}],"curies":[{"name":"wp","href":"https:\/\/api.w.org\/{rel}","templated":true}]}}