{"id":6477,"date":"2024-11-27T15:29:06","date_gmt":"2024-11-27T13:29:06","guid":{"rendered":"https:\/\/www.ntvsys.de\/wp\/produkt\/wd-ultrastar-data60-se4u60-24-speichergehaeuse-60-schaechte-sata-600-sas-3-hdd-18-tb-x-24-rack-einbaufaehig-4u\/"},"modified":"2026-02-08T12:52:22","modified_gmt":"2026-02-08T10:52:22","slug":"wd-ultrastar-data60-se4u60-24-speichergehaeuse-60-schaechte-sata-600-sas-3-hdd-18-tb-x-24-rack-einbaufaehig-4u","status":"publish","type":"product","link":"https:\/\/www.ntvsys.de\/wp\/produkt\/wd-ultrastar-data60-se4u60-24-speichergehaeuse-60-schaechte-sata-600-sas-3-hdd-18-tb-x-24-rack-einbaufaehig-4u\/","title":{"rendered":"WD Ultrastar Data60 SE4U60-24 &#8211; Speichergeh\u00e4use &#8211; 60 Sch\u00e4chte (SATA-600 \/ SAS-3) &#8211; HDD 18 TB x 24 &#8211; Rack &#8211; einbauf\u00e4hig &#8211; 4U"},"content":{"rendered":"<p>WD Ultrastar Data60 SE4U60-24 &#8211; Speichergeh\u00e4use &#8211; 60 Sch\u00e4chte (SATA-600 \/ SAS-3) &#8211; HDD 18 TB x 24 &#8211; Rack &#8211; einbauf\u00e4hig &#8211; 4U<\/p>\n","protected":false},"excerpt":{"rendered":"<p>WD Ultrastar Data60 SE4U60-24 &#8211; Speichergeh\u00e4use &#8211; 60 Sch\u00e4chte (SATA-600 \/ SAS-3) &#8211; HDD 18 TB x 24 &#8211; Rack &#8211; einbauf\u00e4hig &#8211; 4U<\/p>\n","protected":false},"featured_media":0,"comment_status":"open","ping_status":"closed","template":"","meta":[],"product_brand":[],"product_cat":[1277],"product_tag":[],"class_list":{"0":"post-6477","1":"product","2":"type-product","3":"status-publish","5":"product_cat-speichererweiterungen-und-raid","7":"first","8":"outofstock","9":"taxable","10":"shipping-taxable","11":"purchasable","12":"product-type-simple"},"_links":{"self":[{"href":"https:\/\/www.ntvsys.de\/wp\/wp-json\/wp\/v2\/product\/6477","targetHints":{"allow":["GET"]}}],"collection":[{"href":"https:\/\/www.ntvsys.de\/wp\/wp-json\/wp\/v2\/product"}],"about":[{"href":"https:\/\/www.ntvsys.de\/wp\/wp-json\/wp\/v2\/types\/product"}],"replies":[{"embeddable":true,"href":"https:\/\/www.ntvsys.de\/wp\/wp-json\/wp\/v2\/comments?post=6477"}],"wp:attachment":[{"href":"https:\/\/www.ntvsys.de\/wp\/wp-json\/wp\/v2\/media?parent=6477"}],"wp:term":[{"taxonomy":"product_brand","embeddable":true,"href":"https:\/\/www.ntvsys.de\/wp\/wp-json\/wp\/v2\/product_brand?post=6477"},{"taxonomy":"product_cat","embeddable":true,"href":"https:\/\/www.ntvsys.de\/wp\/wp-json\/wp\/v2\/product_cat?post=6477"},{"taxonomy":"product_tag","embeddable":true,"href":"https:\/\/www.ntvsys.de\/wp\/wp-json\/wp\/v2\/product_tag?post=6477"}],"curies":[{"name":"wp","href":"https:\/\/api.w.org\/{rel}","templated":true}]}}