{"id":6516,"date":"2024-11-27T15:29:17","date_gmt":"2024-11-27T13:29:17","guid":{"rendered":"https:\/\/www.ntvsys.de\/wp\/produkt\/lenovo-essential-wired-keyboard-black-us-euro103p\/"},"modified":"2024-12-10T20:02:18","modified_gmt":"2024-12-10T18:02:18","slug":"lenovo-essential-wired-keyboard-black-us-euro103p","status":"publish","type":"product","link":"https:\/\/www.ntvsys.de\/wp\/produkt\/lenovo-essential-wired-keyboard-black-us-euro103p\/","title":{"rendered":"Lenovo Essential Tastatur Universal USB QWERTY US Englisch Schwarz"},"content":{"rendered":"<p>Lenovo Essential. Tastatur Formfaktor: Volle Gr\u00f6\u00dfe (100%). Tastatur-Stil: Gerade. \u00dcbertragungstechnik: Kabelgebunden, Ger\u00e4teschnittstelle: USB, Tastatur-Switch: Membran Key Switch, Tastaturaufbau: QWERTY. Kabell\u00e4nge: 1,8 m. Empfohlene Nutzung: Universal. Produktfarbe: Schwarz<\/p>\n","protected":false},"excerpt":{"rendered":"<p>Lenovo Essential, Volle Gr\u00f6\u00dfe (100%), Kabelgebunden, USB, Membran Key Switch, QWERTY, Schwarz<\/p>\n","protected":false},"featured_media":8024,"comment_status":"open","ping_status":"closed","template":"","meta":[],"product_brand":[],"product_cat":[1131],"product_tag":[],"class_list":{"0":"post-6516","1":"product","2":"type-product","3":"status-publish","4":"has-post-thumbnail","6":"product_cat-tastaturen","8":"first","9":"instock","10":"taxable","11":"shipping-taxable","12":"purchasable","13":"product-type-simple"},"_links":{"self":[{"href":"https:\/\/www.ntvsys.de\/wp\/wp-json\/wp\/v2\/product\/6516","targetHints":{"allow":["GET"]}}],"collection":[{"href":"https:\/\/www.ntvsys.de\/wp\/wp-json\/wp\/v2\/product"}],"about":[{"href":"https:\/\/www.ntvsys.de\/wp\/wp-json\/wp\/v2\/types\/product"}],"replies":[{"embeddable":true,"href":"https:\/\/www.ntvsys.de\/wp\/wp-json\/wp\/v2\/comments?post=6516"}],"wp:featuredmedia":[{"embeddable":true,"href":"https:\/\/www.ntvsys.de\/wp\/wp-json\/wp\/v2\/media\/8024"}],"wp:attachment":[{"href":"https:\/\/www.ntvsys.de\/wp\/wp-json\/wp\/v2\/media?parent=6516"}],"wp:term":[{"taxonomy":"product_brand","embeddable":true,"href":"https:\/\/www.ntvsys.de\/wp\/wp-json\/wp\/v2\/product_brand?post=6516"},{"taxonomy":"product_cat","embeddable":true,"href":"https:\/\/www.ntvsys.de\/wp\/wp-json\/wp\/v2\/product_cat?post=6516"},{"taxonomy":"product_tag","embeddable":true,"href":"https:\/\/www.ntvsys.de\/wp\/wp-json\/wp\/v2\/product_tag?post=6516"}],"curies":[{"name":"wp","href":"https:\/\/api.w.org\/{rel}","templated":true}]}}