{"id":6651,"date":"2024-11-27T15:29:57","date_gmt":"2024-11-27T13:29:57","guid":{"rendered":"https:\/\/www.ntvsys.de\/wp\/produkt\/kingston-fury-beast-ddr4-modul-4-gb-dimm-288-pin-3200-mhz-pc4-25600-cl16-1-35-v-ungepuffert-non-ecc-schwarz\/"},"modified":"2024-12-10T20:15:31","modified_gmt":"2024-12-10T18:15:31","slug":"kingston-fury-beast-ddr4-modul-4-gb-dimm-288-pin-3200-mhz-pc4-25600-cl16-1-35-v-ungepuffert-non-ecc-schwarz","status":"publish","type":"product","link":"https:\/\/www.ntvsys.de\/wp\/produkt\/kingston-fury-beast-ddr4-modul-4-gb-dimm-288-pin-3200-mhz-pc4-25600-cl16-1-35-v-ungepuffert-non-ecc-schwarz\/","title":{"rendered":"Kingston Technology FURY Beast 4GB 3200MT\/s DDR4 CL16 DIMM Black"},"content":{"rendered":"<p>Kingston Technology FURY Beast 4GB 3200MT\/s DDR4 CL16 DIMM Black. Komponente f\u00fcr: PC, Speicherkapazit\u00e4t: 4 GB, Speicherlayout (Module x Gr\u00f6\u00dfe): 1 x 4 GB, Interner Speichertyp: DDR4, Memory Formfaktor: 288-pin DIMM, CAS Latenz: 16<\/p>\n","protected":false},"excerpt":{"rendered":"<p>Kingston Technology FURY Beast 4GB 3200MT\/s DDR4 CL16 DIMM Black, 4 GB, 1 x 4 GB, DDR4, 288-pin DIMM<\/p>\n","protected":false},"featured_media":8173,"comment_status":"open","ping_status":"closed","template":"","meta":[],"product_brand":[],"product_cat":[1166],"product_tag":[],"class_list":{"0":"post-6651","1":"product","2":"type-product","3":"status-publish","4":"has-post-thumbnail","6":"product_cat-speicher","8":"first","9":"outofstock","10":"taxable","11":"shipping-taxable","12":"purchasable","13":"product-type-simple"},"_links":{"self":[{"href":"https:\/\/www.ntvsys.de\/wp\/wp-json\/wp\/v2\/product\/6651","targetHints":{"allow":["GET"]}}],"collection":[{"href":"https:\/\/www.ntvsys.de\/wp\/wp-json\/wp\/v2\/product"}],"about":[{"href":"https:\/\/www.ntvsys.de\/wp\/wp-json\/wp\/v2\/types\/product"}],"replies":[{"embeddable":true,"href":"https:\/\/www.ntvsys.de\/wp\/wp-json\/wp\/v2\/comments?post=6651"}],"wp:featuredmedia":[{"embeddable":true,"href":"https:\/\/www.ntvsys.de\/wp\/wp-json\/wp\/v2\/media\/8173"}],"wp:attachment":[{"href":"https:\/\/www.ntvsys.de\/wp\/wp-json\/wp\/v2\/media?parent=6651"}],"wp:term":[{"taxonomy":"product_brand","embeddable":true,"href":"https:\/\/www.ntvsys.de\/wp\/wp-json\/wp\/v2\/product_brand?post=6651"},{"taxonomy":"product_cat","embeddable":true,"href":"https:\/\/www.ntvsys.de\/wp\/wp-json\/wp\/v2\/product_cat?post=6651"},{"taxonomy":"product_tag","embeddable":true,"href":"https:\/\/www.ntvsys.de\/wp\/wp-json\/wp\/v2\/product_tag?post=6651"}],"curies":[{"name":"wp","href":"https:\/\/api.w.org\/{rel}","templated":true}]}}