{"id":6717,"date":"2024-11-27T15:30:17","date_gmt":"2024-11-27T13:30:17","guid":{"rendered":"https:\/\/www.ntvsys.de\/wp\/produkt\/intel-xeon-gold-5315y-3-2-ghz-8-kerne-16-threads-12-mb-cache-speicher-fuer-thinksystem-st650-v2-7z74-7z75\/"},"modified":"2026-02-08T13:00:09","modified_gmt":"2026-02-08T11:00:09","slug":"intel-xeon-gold-5315y-3-2-ghz-8-kerne-16-threads-12-mb-cache-speicher-fuer-thinksystem-st650-v2-7z74-7z75","status":"publish","type":"product","link":"https:\/\/www.ntvsys.de\/wp\/produkt\/intel-xeon-gold-5315y-3-2-ghz-8-kerne-16-threads-12-mb-cache-speicher-fuer-thinksystem-st650-v2-7z74-7z75\/","title":{"rendered":"Lenovo Intel Xeon Gold 5315Y Prozessor 3,2 GHz 12 MB"},"content":{"rendered":"<p>Lenovo Intel Xeon Gold 5315Y. Prozessorfamilie: Intel\u00ae Xeon\u00ae Gold, Prozessorsockel: LGA 4189, Prozessor Lithografie: 10 nm. Speicherkan\u00e4le: Okta-Kanal, Speichertypen, vom Prozessor unterst\u00fctzt: DDR4-SDRAM. Marktsegment: Server, Unterst\u00fctzte Befehlss\u00e4tze: SSE4.2, AVX, AVX 2.0, AVX-512, Skalierbarkeit: 2S. Unterst\u00fctzung der maximalen Enklavengr\u00f6\u00dfe f\u00fcr Intel\u00ae SGX: 64 GB. Prozessor-Paketgr\u00f6\u00dfe: 77.5 x 56.5 mm<\/p>\n","protected":false},"excerpt":{"rendered":"<p>Lenovo Intel Xeon Gold 5315Y, Intel\u00ae Xeon\u00ae Gold, LGA 4189, 10 nm, Intel, 5315Y, 3,2 GHz<\/p>\n","protected":false},"featured_media":8241,"comment_status":"open","ping_status":"closed","template":"","meta":[],"product_brand":[],"product_cat":[1124],"product_tag":[],"class_list":{"0":"post-6717","1":"product","2":"type-product","3":"status-publish","4":"has-post-thumbnail","6":"product_cat-prozessoren","8":"first","9":"outofstock","10":"taxable","11":"shipping-taxable","12":"purchasable","13":"product-type-simple"},"_links":{"self":[{"href":"https:\/\/www.ntvsys.de\/wp\/wp-json\/wp\/v2\/product\/6717","targetHints":{"allow":["GET"]}}],"collection":[{"href":"https:\/\/www.ntvsys.de\/wp\/wp-json\/wp\/v2\/product"}],"about":[{"href":"https:\/\/www.ntvsys.de\/wp\/wp-json\/wp\/v2\/types\/product"}],"replies":[{"embeddable":true,"href":"https:\/\/www.ntvsys.de\/wp\/wp-json\/wp\/v2\/comments?post=6717"}],"wp:featuredmedia":[{"embeddable":true,"href":"https:\/\/www.ntvsys.de\/wp\/wp-json\/wp\/v2\/media\/8241"}],"wp:attachment":[{"href":"https:\/\/www.ntvsys.de\/wp\/wp-json\/wp\/v2\/media?parent=6717"}],"wp:term":[{"taxonomy":"product_brand","embeddable":true,"href":"https:\/\/www.ntvsys.de\/wp\/wp-json\/wp\/v2\/product_brand?post=6717"},{"taxonomy":"product_cat","embeddable":true,"href":"https:\/\/www.ntvsys.de\/wp\/wp-json\/wp\/v2\/product_cat?post=6717"},{"taxonomy":"product_tag","embeddable":true,"href":"https:\/\/www.ntvsys.de\/wp\/wp-json\/wp\/v2\/product_tag?post=6717"}],"curies":[{"name":"wp","href":"https:\/\/api.w.org\/{rel}","templated":true}]}}