{"id":7083,"date":"2024-11-27T15:32:02","date_gmt":"2024-11-27T13:32:02","guid":{"rendered":"https:\/\/www.ntvsys.de\/wp\/produkt\/kingston-ddr5-kit-64-gb-2-x-32-gb-so-dimm-262-pin-4800-mhz-pc5-38400-cl40-1-1-v-ungepuffert-non-ecc-fuer-asus-rog-flow-x16-rog-strix-scar-17-se-dell-inspiron-16-precision-34x\/"},"modified":"2024-11-27T15:39:46","modified_gmt":"2024-11-27T13:39:46","slug":"kingston-ddr5-kit-64-gb-2-x-32-gb-so-dimm-262-pin-4800-mhz-pc5-38400-cl40-1-1-v-ungepuffert-non-ecc-fuer-asus-rog-flow-x16-rog-strix-scar-17-se-dell-inspiron-16-precision-34x","status":"publish","type":"product","link":"https:\/\/www.ntvsys.de\/wp\/produkt\/kingston-ddr5-kit-64-gb-2-x-32-gb-so-dimm-262-pin-4800-mhz-pc5-38400-cl40-1-1-v-ungepuffert-non-ecc-fuer-asus-rog-flow-x16-rog-strix-scar-17-se-dell-inspiron-16-precision-34x\/","title":{"rendered":"Kingston Technology 64GB DDR5-4800MT\/S SODIMM (KIT OF 2) Speichermodul 2 x 32 GB 4800 MHz"},"content":{"rendered":"<p>Kingston Technology 64GB DDR5-4800MT\/S SODIMM (KIT OF 2). Komponente f\u00fcr: Laptop, Speicherkapazit\u00e4t: 64 GB, Speicherlayout (Module x Gr\u00f6\u00dfe): 2 x 32 GB, Interner Speichertyp: DDR5, Speichertaktfrequenz: 4800 MHz, Memory Formfaktor: 262-pin SO-DIMM, CAS Latenz: 40<\/p>\n","protected":false},"excerpt":{"rendered":"<p>Kingston Technology 64GB DDR5-4800MT\/S SODIMM (KIT OF 2), 64 GB, 2 x 32 GB, DDR5, 4800 MHz, 262-pin SO-DIMM<\/p>\n","protected":false},"featured_media":8645,"comment_status":"open","ping_status":"closed","template":"","meta":[],"product_brand":[],"product_cat":[1166],"product_tag":[],"class_list":{"0":"post-7083","1":"product","2":"type-product","3":"status-publish","4":"has-post-thumbnail","6":"product_cat-speicher","8":"first","9":"instock","10":"taxable","11":"shipping-taxable","12":"product-type-simple"},"_links":{"self":[{"href":"https:\/\/www.ntvsys.de\/wp\/wp-json\/wp\/v2\/product\/7083","targetHints":{"allow":["GET"]}}],"collection":[{"href":"https:\/\/www.ntvsys.de\/wp\/wp-json\/wp\/v2\/product"}],"about":[{"href":"https:\/\/www.ntvsys.de\/wp\/wp-json\/wp\/v2\/types\/product"}],"replies":[{"embeddable":true,"href":"https:\/\/www.ntvsys.de\/wp\/wp-json\/wp\/v2\/comments?post=7083"}],"wp:featuredmedia":[{"embeddable":true,"href":"https:\/\/www.ntvsys.de\/wp\/wp-json\/wp\/v2\/media\/8645"}],"wp:attachment":[{"href":"https:\/\/www.ntvsys.de\/wp\/wp-json\/wp\/v2\/media?parent=7083"}],"wp:term":[{"taxonomy":"product_brand","embeddable":true,"href":"https:\/\/www.ntvsys.de\/wp\/wp-json\/wp\/v2\/product_brand?post=7083"},{"taxonomy":"product_cat","embeddable":true,"href":"https:\/\/www.ntvsys.de\/wp\/wp-json\/wp\/v2\/product_cat?post=7083"},{"taxonomy":"product_tag","embeddable":true,"href":"https:\/\/www.ntvsys.de\/wp\/wp-json\/wp\/v2\/product_tag?post=7083"}],"curies":[{"name":"wp","href":"https:\/\/api.w.org\/{rel}","templated":true}]}}