{"id":7232,"date":"2024-11-27T15:32:45","date_gmt":"2024-11-27T13:32:45","guid":{"rendered":"https:\/\/www.ntvsys.de\/wp\/produkt\/lenovo-serverzubehoerkit-fuer-thinksystem-st50-7y48-7y49\/"},"modified":"2026-02-08T12:59:22","modified_gmt":"2026-02-08T10:59:22","slug":"lenovo-serverzubehoerkit-fuer-thinksystem-st50-7y48-7y49","status":"publish","type":"product","link":"https:\/\/www.ntvsys.de\/wp\/produkt\/lenovo-serverzubehoerkit-fuer-thinksystem-st50-7y48-7y49\/","title":{"rendered":"Lenovo &#8211; Serverzubeh\u00f6rkit &#8211; f\u00fcr ThinkSystem ST50 7Y48, 7Y49"},"content":{"rendered":"<p>Lenovo &#8211; Serverzubeh\u00f6rkit &#8211; f\u00fcr ThinkSystem ST50 7Y48, 7Y49<\/p>\n","protected":false},"excerpt":{"rendered":"<p>Lenovo &#8211; Serverzubeh\u00f6rkit &#8211; f\u00fcr ThinkSystem ST50 7Y48, 7Y49<\/p>\n","protected":false},"featured_media":0,"comment_status":"open","ping_status":"closed","template":"","meta":[],"product_brand":[],"product_cat":[1244],"product_tag":[],"class_list":{"0":"post-7232","1":"product","2":"type-product","3":"status-publish","5":"product_cat-zubehoer-fuer-server","7":"first","8":"outofstock","9":"taxable","10":"shipping-taxable","11":"purchasable","12":"product-type-simple"},"_links":{"self":[{"href":"https:\/\/www.ntvsys.de\/wp\/wp-json\/wp\/v2\/product\/7232","targetHints":{"allow":["GET"]}}],"collection":[{"href":"https:\/\/www.ntvsys.de\/wp\/wp-json\/wp\/v2\/product"}],"about":[{"href":"https:\/\/www.ntvsys.de\/wp\/wp-json\/wp\/v2\/types\/product"}],"replies":[{"embeddable":true,"href":"https:\/\/www.ntvsys.de\/wp\/wp-json\/wp\/v2\/comments?post=7232"}],"wp:attachment":[{"href":"https:\/\/www.ntvsys.de\/wp\/wp-json\/wp\/v2\/media?parent=7232"}],"wp:term":[{"taxonomy":"product_brand","embeddable":true,"href":"https:\/\/www.ntvsys.de\/wp\/wp-json\/wp\/v2\/product_brand?post=7232"},{"taxonomy":"product_cat","embeddable":true,"href":"https:\/\/www.ntvsys.de\/wp\/wp-json\/wp\/v2\/product_cat?post=7232"},{"taxonomy":"product_tag","embeddable":true,"href":"https:\/\/www.ntvsys.de\/wp\/wp-json\/wp\/v2\/product_tag?post=7232"}],"curies":[{"name":"wp","href":"https:\/\/api.w.org\/{rel}","templated":true}]}}