{"id":7479,"date":"2024-11-27T15:33:56","date_gmt":"2024-11-27T13:33:56","guid":{"rendered":"https:\/\/www.ntvsys.de\/wp\/produkt\/lenovo-accidental-damage-protection-one-abdeckung-fuer-unfallschaeden-3-jahre-fuer-thinkpad-p14s-gen-3-p15v-gen-3-p16s-gen-1-t15p-gen-3-t16-gen-1-x13-yoga-gen-3\/"},"modified":"2024-12-10T20:17:03","modified_gmt":"2024-12-10T18:17:03","slug":"lenovo-accidental-damage-protection-one-abdeckung-fuer-unfallschaeden-3-jahre-fuer-thinkpad-p14s-gen-3-p15v-gen-3-p16s-gen-1-t15p-gen-3-t16-gen-1-x13-yoga-gen-3","status":"publish","type":"product","link":"https:\/\/www.ntvsys.de\/wp\/produkt\/lenovo-accidental-damage-protection-one-abdeckung-fuer-unfallschaeden-3-jahre-fuer-thinkpad-p14s-gen-3-p15v-gen-3-p16s-gen-1-t15p-gen-3-t16-gen-1-x13-yoga-gen-3\/","title":{"rendered":"Lenovo Accidental Damage Protection One &#8211; Abdeckung f\u00fcr Unfallsch\u00e4den &#8211; 3 Jahre &#8211; f\u00fcr ThinkPad P14s Gen 3, P15v Gen 3, P16s Gen 1, T15p Gen 3, T16 Gen 1, X13 Yoga Gen 3"},"content":{"rendered":"<p>Lenovo Accidental Damage Protection One &#8211; Abdeckung f\u00fcr Unfallsch\u00e4den &#8211; 3 Jahre &#8211; f\u00fcr ThinkPad P14s Gen 3, P15v Gen 3, P16s Gen 1, T15p Gen 3, T16 Gen 1, X13 Yoga Gen 3<\/p>\n","protected":false},"excerpt":{"rendered":"<p>Lenovo Accidental Damage Protection One &#8211; Abdeckung f\u00fcr Unfallsch\u00e4den &#8211; 3 Jahre &#8211; f\u00fcr ThinkPad P14s Gen 3, P15v Gen 3, P16s Gen 1, T15p Gen 3, T16 Gen 1, X13 Yoga Gen 3<\/p>\n","protected":false},"featured_media":0,"comment_status":"open","ping_status":"closed","template":"","meta":[],"product_brand":[],"product_cat":[1177],"product_tag":[],"class_list":{"0":"post-7479","1":"product","2":"type-product","3":"status-publish","5":"product_cat-computer-service-support","7":"first","8":"instock","9":"taxable","10":"shipping-taxable","11":"purchasable","12":"product-type-simple"},"_links":{"self":[{"href":"https:\/\/www.ntvsys.de\/wp\/wp-json\/wp\/v2\/product\/7479","targetHints":{"allow":["GET"]}}],"collection":[{"href":"https:\/\/www.ntvsys.de\/wp\/wp-json\/wp\/v2\/product"}],"about":[{"href":"https:\/\/www.ntvsys.de\/wp\/wp-json\/wp\/v2\/types\/product"}],"replies":[{"embeddable":true,"href":"https:\/\/www.ntvsys.de\/wp\/wp-json\/wp\/v2\/comments?post=7479"}],"wp:attachment":[{"href":"https:\/\/www.ntvsys.de\/wp\/wp-json\/wp\/v2\/media?parent=7479"}],"wp:term":[{"taxonomy":"product_brand","embeddable":true,"href":"https:\/\/www.ntvsys.de\/wp\/wp-json\/wp\/v2\/product_brand?post=7479"},{"taxonomy":"product_cat","embeddable":true,"href":"https:\/\/www.ntvsys.de\/wp\/wp-json\/wp\/v2\/product_cat?post=7479"},{"taxonomy":"product_tag","embeddable":true,"href":"https:\/\/www.ntvsys.de\/wp\/wp-json\/wp\/v2\/product_tag?post=7479"}],"curies":[{"name":"wp","href":"https:\/\/api.w.org\/{rel}","templated":true}]}}