{"id":8022,"date":"2024-11-27T15:36:38","date_gmt":"2024-11-27T13:36:38","guid":{"rendered":"https:\/\/www.ntvsys.de\/wp\/produkt\/kingston-fury-beast-ddr5-kit-64-gb-2-x-32-gb-dimm-288-pin-5600-mhz-pc5-44800-cl36-1-25-v-ungepuffert-on-die-ecc-weiss\/"},"modified":"2026-02-08T13:01:29","modified_gmt":"2026-02-08T11:01:29","slug":"kingston-fury-beast-ddr5-kit-64-gb-2-x-32-gb-dimm-288-pin-5600-mhz-pc5-44800-cl36-1-25-v-ungepuffert-on-die-ecc-weiss","status":"publish","type":"product","link":"https:\/\/www.ntvsys.de\/wp\/produkt\/kingston-fury-beast-ddr5-kit-64-gb-2-x-32-gb-dimm-288-pin-5600-mhz-pc5-44800-cl36-1-25-v-ungepuffert-on-die-ecc-weiss\/","title":{"rendered":"Kingston Technology FURY Beast 64GB 5600MT\/s DDR5 CL36 DIMM (2er-Kit) White EXPO"},"content":{"rendered":"<p>Kingston Technology FURY Beast 64GB 5600MT\/s DDR5 CL36 DIMM (2er-Kit) White EXPO. Komponente f\u00fcr: PC, Speicherkapazit\u00e4t: 64 GB, Speicherlayout (Module x Gr\u00f6\u00dfe): 2 x 32 GB, Interner Speichertyp: DDR5, Speichertaktfrequenz: 2800 MHz, Memory Formfaktor: 288-pin DIMM, CAS Latenz: 36<\/p>\n","protected":false},"excerpt":{"rendered":"<p>Kingston Technology FURY Beast 64GB 5600MT\/s DDR5 CL36 DIMM (2er-Kit) White EXPO, 64 GB, 2 x 32 GB, DDR5, 2800 MHz, 288-pin DIMM<\/p>\n","protected":false},"featured_media":9824,"comment_status":"open","ping_status":"closed","template":"","meta":[],"product_brand":[],"product_cat":[1166],"product_tag":[],"class_list":{"0":"post-8022","1":"product","2":"type-product","3":"status-publish","4":"has-post-thumbnail","6":"product_cat-speicher","8":"first","9":"outofstock","10":"taxable","11":"shipping-taxable","12":"purchasable","13":"product-type-simple"},"_links":{"self":[{"href":"https:\/\/www.ntvsys.de\/wp\/wp-json\/wp\/v2\/product\/8022","targetHints":{"allow":["GET"]}}],"collection":[{"href":"https:\/\/www.ntvsys.de\/wp\/wp-json\/wp\/v2\/product"}],"about":[{"href":"https:\/\/www.ntvsys.de\/wp\/wp-json\/wp\/v2\/types\/product"}],"replies":[{"embeddable":true,"href":"https:\/\/www.ntvsys.de\/wp\/wp-json\/wp\/v2\/comments?post=8022"}],"wp:featuredmedia":[{"embeddable":true,"href":"https:\/\/www.ntvsys.de\/wp\/wp-json\/wp\/v2\/media\/9824"}],"wp:attachment":[{"href":"https:\/\/www.ntvsys.de\/wp\/wp-json\/wp\/v2\/media?parent=8022"}],"wp:term":[{"taxonomy":"product_brand","embeddable":true,"href":"https:\/\/www.ntvsys.de\/wp\/wp-json\/wp\/v2\/product_brand?post=8022"},{"taxonomy":"product_cat","embeddable":true,"href":"https:\/\/www.ntvsys.de\/wp\/wp-json\/wp\/v2\/product_cat?post=8022"},{"taxonomy":"product_tag","embeddable":true,"href":"https:\/\/www.ntvsys.de\/wp\/wp-json\/wp\/v2\/product_tag?post=8022"}],"curies":[{"name":"wp","href":"https:\/\/api.w.org\/{rel}","templated":true}]}}