{"id":8103,"date":"2024-11-27T15:37:02","date_gmt":"2024-11-27T13:37:02","guid":{"rendered":"https:\/\/www.ntvsys.de\/wp\/produkt\/kingston-fury-renegade-rgb-ddr5-kit-64-gb-2-x-32-gb-dimm-288-pin-6000-mhz-pc5-48000-cl32-1-35-v-ungepuffert-on-die-ecc-schwarz-silber\/"},"modified":"2024-12-10T20:13:26","modified_gmt":"2024-12-10T18:13:26","slug":"kingston-fury-renegade-rgb-ddr5-kit-64-gb-2-x-32-gb-dimm-288-pin-6000-mhz-pc5-48000-cl32-1-35-v-ungepuffert-on-die-ecc-schwarz-silber","status":"publish","type":"product","link":"https:\/\/www.ntvsys.de\/wp\/produkt\/kingston-fury-renegade-rgb-ddr5-kit-64-gb-2-x-32-gb-dimm-288-pin-6000-mhz-pc5-48000-cl32-1-35-v-ungepuffert-on-die-ecc-schwarz-silber\/","title":{"rendered":"Kingston Technology FURY 64GB 6000MT\/s DDR5 CL32 DIMM (2er-Kit) Renegade RGB XMP"},"content":{"rendered":"<p>Kingston Technology FURY 64GB 6000MT\/s DDR5 CL32 DIMM (2er-Kit) Renegade RGB XMP. Komponente f\u00fcr: PC, Speicherkapazit\u00e4t: 64 GB, Speicherlayout (Module x Gr\u00f6\u00dfe): 2 x 32 GB, Interner Speichertyp: DDR5, Speichertaktfrequenz: 3000 MHz, Memory Formfaktor: 288-pin DIMM, CAS Latenz: 32<\/p>\n","protected":false},"excerpt":{"rendered":"<p>Kingston Technology FURY 64GB 6000MT\/s DDR5 CL32 DIMM (2er-Kit) Renegade RGB XMP, 64 GB, 2 x 32 GB, DDR5, 3000 MHz, 288-pin DIMM<\/p>\n","protected":false},"featured_media":9936,"comment_status":"open","ping_status":"closed","template":"","meta":[],"product_brand":[],"product_cat":[1166],"product_tag":[],"class_list":{"0":"post-8103","1":"product","2":"type-product","3":"status-publish","4":"has-post-thumbnail","6":"product_cat-speicher","8":"first","9":"instock","10":"taxable","11":"shipping-taxable","12":"purchasable","13":"product-type-simple"},"_links":{"self":[{"href":"https:\/\/www.ntvsys.de\/wp\/wp-json\/wp\/v2\/product\/8103","targetHints":{"allow":["GET"]}}],"collection":[{"href":"https:\/\/www.ntvsys.de\/wp\/wp-json\/wp\/v2\/product"}],"about":[{"href":"https:\/\/www.ntvsys.de\/wp\/wp-json\/wp\/v2\/types\/product"}],"replies":[{"embeddable":true,"href":"https:\/\/www.ntvsys.de\/wp\/wp-json\/wp\/v2\/comments?post=8103"}],"wp:featuredmedia":[{"embeddable":true,"href":"https:\/\/www.ntvsys.de\/wp\/wp-json\/wp\/v2\/media\/9936"}],"wp:attachment":[{"href":"https:\/\/www.ntvsys.de\/wp\/wp-json\/wp\/v2\/media?parent=8103"}],"wp:term":[{"taxonomy":"product_brand","embeddable":true,"href":"https:\/\/www.ntvsys.de\/wp\/wp-json\/wp\/v2\/product_brand?post=8103"},{"taxonomy":"product_cat","embeddable":true,"href":"https:\/\/www.ntvsys.de\/wp\/wp-json\/wp\/v2\/product_cat?post=8103"},{"taxonomy":"product_tag","embeddable":true,"href":"https:\/\/www.ntvsys.de\/wp\/wp-json\/wp\/v2\/product_tag?post=8103"}],"curies":[{"name":"wp","href":"https:\/\/api.w.org\/{rel}","templated":true}]}}