{"id":8190,"date":"2024-11-27T15:37:28","date_gmt":"2024-11-27T13:37:28","guid":{"rendered":"https:\/\/www.ntvsys.de\/wp\/produkt\/intel-xeon-silver-4410y-2-ghz-12-kerne-24-threads-30-mb-cache-speicher-fuer-thinksystem-sr650-v3-7d76\/"},"modified":"2026-02-08T13:01:43","modified_gmt":"2026-02-08T11:01:43","slug":"intel-xeon-silver-4410y-2-ghz-12-kerne-24-threads-30-mb-cache-speicher-fuer-thinksystem-sr650-v3-7d76","status":"publish","type":"product","link":"https:\/\/www.ntvsys.de\/wp\/produkt\/intel-xeon-silver-4410y-2-ghz-12-kerne-24-threads-30-mb-cache-speicher-fuer-thinksystem-sr650-v3-7d76\/","title":{"rendered":"Lenovo Xeon Intel Silver 4410Y Prozessor 2 GHz 30 MB Box"},"content":{"rendered":"<p>Lenovo Xeon Intel Silver 4410Y. Prozessorfamilie: Intel\u00ae Xeon\u00ae, Prozessorsockel: LGA 4677 (Socket E), Prozessorhersteller: Intel. Speicherkan\u00e4le: Okta-Kanal, Maximaler interner Speicher, vom Prozessor unterst\u00fctzt: 6 TB, Speichertypen, vom Prozessor unterst\u00fctzt: DDR4-SDRAM. Marktsegment: Server, Nutzungsbedingungen: Server\/Enterprise, Unterst\u00fctzte Befehlss\u00e4tze: AMX, SSE4.2, AVX, AVX 2.0, AVX-512. Unterst\u00fctzung der maximalen Enklavengr\u00f6\u00dfe f\u00fcr Intel\u00ae SGX: 64 GB. Verpackungsart: Einzelhandels-Box<\/p>\n","protected":false},"excerpt":{"rendered":"<p>Lenovo Xeon Intel Silver 4410Y, Intel\u00ae Xeon\u00ae, LGA 4677 (Socket E), Intel, 4410Y, 2 GHz, Intel Xeon Scalable 4th Gen<\/p>\n","protected":false},"featured_media":10057,"comment_status":"open","ping_status":"closed","template":"","meta":[],"product_brand":[],"product_cat":[1124],"product_tag":[],"class_list":{"0":"post-8190","1":"product","2":"type-product","3":"status-publish","4":"has-post-thumbnail","6":"product_cat-prozessoren","8":"first","9":"outofstock","10":"taxable","11":"shipping-taxable","12":"purchasable","13":"product-type-simple"},"_links":{"self":[{"href":"https:\/\/www.ntvsys.de\/wp\/wp-json\/wp\/v2\/product\/8190","targetHints":{"allow":["GET"]}}],"collection":[{"href":"https:\/\/www.ntvsys.de\/wp\/wp-json\/wp\/v2\/product"}],"about":[{"href":"https:\/\/www.ntvsys.de\/wp\/wp-json\/wp\/v2\/types\/product"}],"replies":[{"embeddable":true,"href":"https:\/\/www.ntvsys.de\/wp\/wp-json\/wp\/v2\/comments?post=8190"}],"wp:featuredmedia":[{"embeddable":true,"href":"https:\/\/www.ntvsys.de\/wp\/wp-json\/wp\/v2\/media\/10057"}],"wp:attachment":[{"href":"https:\/\/www.ntvsys.de\/wp\/wp-json\/wp\/v2\/media?parent=8190"}],"wp:term":[{"taxonomy":"product_brand","embeddable":true,"href":"https:\/\/www.ntvsys.de\/wp\/wp-json\/wp\/v2\/product_brand?post=8190"},{"taxonomy":"product_cat","embeddable":true,"href":"https:\/\/www.ntvsys.de\/wp\/wp-json\/wp\/v2\/product_cat?post=8190"},{"taxonomy":"product_tag","embeddable":true,"href":"https:\/\/www.ntvsys.de\/wp\/wp-json\/wp\/v2\/product_tag?post=8190"}],"curies":[{"name":"wp","href":"https:\/\/api.w.org\/{rel}","templated":true}]}}