{"id":8248,"date":"2024-11-27T15:37:46","date_gmt":"2024-11-27T13:37:46","guid":{"rendered":"https:\/\/www.ntvsys.de\/wp\/produkt\/kingston-high-endurance-flash-speicherkarte-256-gb-a1-uhs-i-u1-class10-microsdxc-uhs-i-u1\/"},"modified":"2026-02-08T13:04:08","modified_gmt":"2026-02-08T11:04:08","slug":"kingston-high-endurance-flash-speicherkarte-256-gb-a1-uhs-i-u1-class10-microsdxc-uhs-i-u1","status":"publish","type":"product","link":"https:\/\/www.ntvsys.de\/wp\/produkt\/kingston-high-endurance-flash-speicherkarte-256-gb-a1-uhs-i-u1-class10-microsdxc-uhs-i-u1\/","title":{"rendered":"Kingston Technology SDCE\/256GB Speicherkarte MicroSDXC UHS-I Klasse 10"},"content":{"rendered":"<p>Kingston Technology SDCE\/256GB. Kapazit\u00e4t: 256 GB, Flash Card Typ: MicroSDXC, Flash-Memory-Klasse: Klasse 10, Interner Speichertyp: UHS-I, Lesegeschwindigkeit: 95 MB\/s, Schreibgeschwindigkeit: 45 MB\/s, UHS Speed Klasse: Class 1 (U1). Schutzfunktion: Schockresistent, Temperaturbest\u00e4ndig, Wasserdicht, R\u00f6ntgensicher, Produktfarbe: Schwarz, Wei\u00df<\/p>\n","protected":false},"excerpt":{"rendered":"<p>Kingston Technology SDCE\/256GB, 256 GB, MicroSDXC, Klasse 10, UHS-I, 95 MB\/s, 45 MB\/s<\/p>\n","protected":false},"featured_media":10141,"comment_status":"open","ping_status":"closed","template":"","meta":[],"product_brand":[],"product_cat":[1192],"product_tag":[],"class_list":{"0":"post-8248","1":"product","2":"type-product","3":"status-publish","4":"has-post-thumbnail","6":"product_cat-flashspeicher","8":"first","9":"outofstock","10":"taxable","11":"shipping-taxable","12":"purchasable","13":"product-type-simple"},"_links":{"self":[{"href":"https:\/\/www.ntvsys.de\/wp\/wp-json\/wp\/v2\/product\/8248","targetHints":{"allow":["GET"]}}],"collection":[{"href":"https:\/\/www.ntvsys.de\/wp\/wp-json\/wp\/v2\/product"}],"about":[{"href":"https:\/\/www.ntvsys.de\/wp\/wp-json\/wp\/v2\/types\/product"}],"replies":[{"embeddable":true,"href":"https:\/\/www.ntvsys.de\/wp\/wp-json\/wp\/v2\/comments?post=8248"}],"wp:featuredmedia":[{"embeddable":true,"href":"https:\/\/www.ntvsys.de\/wp\/wp-json\/wp\/v2\/media\/10141"}],"wp:attachment":[{"href":"https:\/\/www.ntvsys.de\/wp\/wp-json\/wp\/v2\/media?parent=8248"}],"wp:term":[{"taxonomy":"product_brand","embeddable":true,"href":"https:\/\/www.ntvsys.de\/wp\/wp-json\/wp\/v2\/product_brand?post=8248"},{"taxonomy":"product_cat","embeddable":true,"href":"https:\/\/www.ntvsys.de\/wp\/wp-json\/wp\/v2\/product_cat?post=8248"},{"taxonomy":"product_tag","embeddable":true,"href":"https:\/\/www.ntvsys.de\/wp\/wp-json\/wp\/v2\/product_tag?post=8248"}],"curies":[{"name":"wp","href":"https:\/\/api.w.org\/{rel}","templated":true}]}}