{"id":8383,"date":"2024-11-27T15:38:28","date_gmt":"2024-11-27T13:38:28","guid":{"rendered":"https:\/\/www.ntvsys.de\/wp\/produkt\/kingston-fury-beast-rgb-ddr4-kit-32-gb-2-x-16-gb-dimm-288-pin-2666-mhz-pc4-21328-cl16-1-2-v-ungepuffert-non-ecc-schwarz\/"},"modified":"2024-12-10T20:26:51","modified_gmt":"2024-12-10T18:26:51","slug":"kingston-fury-beast-rgb-ddr4-kit-32-gb-2-x-16-gb-dimm-288-pin-2666-mhz-pc4-21328-cl16-1-2-v-ungepuffert-non-ecc-schwarz","status":"publish","type":"product","link":"https:\/\/www.ntvsys.de\/wp\/produkt\/kingston-fury-beast-rgb-ddr4-kit-32-gb-2-x-16-gb-dimm-288-pin-2666-mhz-pc4-21328-cl16-1-2-v-ungepuffert-non-ecc-schwarz\/","title":{"rendered":"Kingston Technology FURY Beast 32GB 2666MT\/s DDR4 CL16 DIMM (2er-Kit) 1Gx8 RGB"},"content":{"rendered":"<p>Kingston Technology FURY Beast 32GB 2666MT\/s DDR4 CL16 DIMM (2er-Kit) 1Gx8 RGB. Komponente f\u00fcr: PC, Speicherkapazit\u00e4t: 32 GB, Speicherlayout (Module x Gr\u00f6\u00dfe): 2 x 16 GB, Interner Speichertyp: DDR4, Memory Formfaktor: 288-pin DIMM, CAS Latenz: 16<\/p>\n","protected":false},"excerpt":{"rendered":"<p>Kingston Technology FURY Beast 32GB 2666MT\/s DDR4 CL16 DIMM (2er-Kit) 1Gx8 RGB, 32 GB, 2 x 16 GB, DDR4, 288-pin DIMM<\/p>\n","protected":false},"featured_media":10282,"comment_status":"open","ping_status":"closed","template":"","meta":[],"product_brand":[],"product_cat":[1166],"product_tag":[],"class_list":{"0":"post-8383","1":"product","2":"type-product","3":"status-publish","4":"has-post-thumbnail","6":"product_cat-speicher","8":"first","9":"instock","10":"taxable","11":"shipping-taxable","12":"purchasable","13":"product-type-simple"},"_links":{"self":[{"href":"https:\/\/www.ntvsys.de\/wp\/wp-json\/wp\/v2\/product\/8383","targetHints":{"allow":["GET"]}}],"collection":[{"href":"https:\/\/www.ntvsys.de\/wp\/wp-json\/wp\/v2\/product"}],"about":[{"href":"https:\/\/www.ntvsys.de\/wp\/wp-json\/wp\/v2\/types\/product"}],"replies":[{"embeddable":true,"href":"https:\/\/www.ntvsys.de\/wp\/wp-json\/wp\/v2\/comments?post=8383"}],"wp:featuredmedia":[{"embeddable":true,"href":"https:\/\/www.ntvsys.de\/wp\/wp-json\/wp\/v2\/media\/10282"}],"wp:attachment":[{"href":"https:\/\/www.ntvsys.de\/wp\/wp-json\/wp\/v2\/media?parent=8383"}],"wp:term":[{"taxonomy":"product_brand","embeddable":true,"href":"https:\/\/www.ntvsys.de\/wp\/wp-json\/wp\/v2\/product_brand?post=8383"},{"taxonomy":"product_cat","embeddable":true,"href":"https:\/\/www.ntvsys.de\/wp\/wp-json\/wp\/v2\/product_cat?post=8383"},{"taxonomy":"product_tag","embeddable":true,"href":"https:\/\/www.ntvsys.de\/wp\/wp-json\/wp\/v2\/product_tag?post=8383"}],"curies":[{"name":"wp","href":"https:\/\/api.w.org\/{rel}","templated":true}]}}