{"id":8385,"date":"2024-11-27T15:38:28","date_gmt":"2024-11-27T13:38:28","guid":{"rendered":"https:\/\/www.ntvsys.de\/wp\/produkt\/intel-xeon-gold-6444y-3-6-ghz-16-kerne-32-threads-45-mb-cache-speicher-fuer-thinksystem-sr650-v3\/"},"modified":"2026-02-08T13:04:18","modified_gmt":"2026-02-08T11:04:18","slug":"intel-xeon-gold-6444y-3-6-ghz-16-kerne-32-threads-45-mb-cache-speicher-fuer-thinksystem-sr650-v3","status":"publish","type":"product","link":"https:\/\/www.ntvsys.de\/wp\/produkt\/intel-xeon-gold-6444y-3-6-ghz-16-kerne-32-threads-45-mb-cache-speicher-fuer-thinksystem-sr650-v3\/","title":{"rendered":"Lenovo Intel Xeon Gold 6444Y Prozessor 3,6 GHz 45 MB"},"content":{"rendered":"<p>Lenovo Intel Xeon Gold 6444Y. Prozessorfamilie: Intel\u00ae Xeon\u00ae Gold, Prozessorsockel: LGA 4677 (Socket E), Prozessorhersteller: Intel. Speicherkan\u00e4le: Okta-Kanal, Maximaler interner Speicher, vom Prozessor unterst\u00fctzt: 6 TB, Speichertypen, vom Prozessor unterst\u00fctzt: DDR4-SDRAM. Marktsegment: Server, Nutzungsbedingungen: Server\/Enterprise, Unterst\u00fctzte Befehlss\u00e4tze: AMX, AVX, AVX 2.0, AVX-512, SSE4.2. Unterst\u00fctzung der maximalen Enklavengr\u00f6\u00dfe f\u00fcr Intel\u00ae SGX: 128 GB<\/p>\n","protected":false},"excerpt":{"rendered":"<p>Lenovo Intel Xeon Gold 6444Y, Intel\u00ae Xeon\u00ae Gold, LGA 4677 (Socket E), Intel, 6444Y, 3,6 GHz, 64-Bit<\/p>\n","protected":false},"featured_media":10284,"comment_status":"open","ping_status":"closed","template":"","meta":[],"product_brand":[],"product_cat":[1124],"product_tag":[],"class_list":{"0":"post-8385","1":"product","2":"type-product","3":"status-publish","4":"has-post-thumbnail","6":"product_cat-prozessoren","8":"first","9":"outofstock","10":"taxable","11":"shipping-taxable","12":"purchasable","13":"product-type-simple"},"_links":{"self":[{"href":"https:\/\/www.ntvsys.de\/wp\/wp-json\/wp\/v2\/product\/8385","targetHints":{"allow":["GET"]}}],"collection":[{"href":"https:\/\/www.ntvsys.de\/wp\/wp-json\/wp\/v2\/product"}],"about":[{"href":"https:\/\/www.ntvsys.de\/wp\/wp-json\/wp\/v2\/types\/product"}],"replies":[{"embeddable":true,"href":"https:\/\/www.ntvsys.de\/wp\/wp-json\/wp\/v2\/comments?post=8385"}],"wp:featuredmedia":[{"embeddable":true,"href":"https:\/\/www.ntvsys.de\/wp\/wp-json\/wp\/v2\/media\/10284"}],"wp:attachment":[{"href":"https:\/\/www.ntvsys.de\/wp\/wp-json\/wp\/v2\/media?parent=8385"}],"wp:term":[{"taxonomy":"product_brand","embeddable":true,"href":"https:\/\/www.ntvsys.de\/wp\/wp-json\/wp\/v2\/product_brand?post=8385"},{"taxonomy":"product_cat","embeddable":true,"href":"https:\/\/www.ntvsys.de\/wp\/wp-json\/wp\/v2\/product_cat?post=8385"},{"taxonomy":"product_tag","embeddable":true,"href":"https:\/\/www.ntvsys.de\/wp\/wp-json\/wp\/v2\/product_tag?post=8385"}],"curies":[{"name":"wp","href":"https:\/\/api.w.org\/{rel}","templated":true}]}}