{"id":8475,"date":"2024-11-27T15:38:55","date_gmt":"2024-11-27T13:38:55","guid":{"rendered":"https:\/\/www.ntvsys.de\/wp\/produkt\/kingston-fury-renegade-ddr4-kit-16-gb-2-x-8-gb-dimm-288-pin-4600-mhz-pc4-36800-cl19-1-2-v-ungepuffert-non-ecc-schwarz\/"},"modified":"2026-02-08T13:01:08","modified_gmt":"2026-02-08T11:01:08","slug":"kingston-fury-renegade-ddr4-kit-16-gb-2-x-8-gb-dimm-288-pin-4600-mhz-pc4-36800-cl19-1-2-v-ungepuffert-non-ecc-schwarz","status":"publish","type":"product","link":"https:\/\/www.ntvsys.de\/wp\/produkt\/kingston-fury-renegade-ddr4-kit-16-gb-2-x-8-gb-dimm-288-pin-4600-mhz-pc4-36800-cl19-1-2-v-ungepuffert-non-ecc-schwarz\/","title":{"rendered":"Kingston Technology FURY 16GB 4600MT\/s DDR4 CL19 DIMM (2er-Kit) Renegade Black"},"content":{"rendered":"<p>Kingston Technology FURY 16GB 4600MT\/s DDR4 CL19 DIMM (2er-Kit) Renegade Black. Komponente f\u00fcr: PC, Speicherkapazit\u00e4t: 16 GB, Speicherlayout (Module x Gr\u00f6\u00dfe): 2 x 8 GB, Interner Speichertyp: DDR4, Memory Formfaktor: 288-pin DIMM, CAS Latenz: 18<\/p>\n","protected":false},"excerpt":{"rendered":"<p>Kingston Technology FURY 16GB 4600MT\/s DDR4 CL19 DIMM (2er-Kit) Renegade Black, 16 GB, 2 x 8 GB, DDR4, 288-pin DIMM<\/p>\n","protected":false},"featured_media":10394,"comment_status":"open","ping_status":"closed","template":"","meta":[],"product_brand":[],"product_cat":[1166],"product_tag":[],"class_list":{"0":"post-8475","1":"product","2":"type-product","3":"status-publish","4":"has-post-thumbnail","6":"product_cat-speicher","8":"first","9":"outofstock","10":"taxable","11":"shipping-taxable","12":"purchasable","13":"product-type-simple"},"_links":{"self":[{"href":"https:\/\/www.ntvsys.de\/wp\/wp-json\/wp\/v2\/product\/8475","targetHints":{"allow":["GET"]}}],"collection":[{"href":"https:\/\/www.ntvsys.de\/wp\/wp-json\/wp\/v2\/product"}],"about":[{"href":"https:\/\/www.ntvsys.de\/wp\/wp-json\/wp\/v2\/types\/product"}],"replies":[{"embeddable":true,"href":"https:\/\/www.ntvsys.de\/wp\/wp-json\/wp\/v2\/comments?post=8475"}],"wp:featuredmedia":[{"embeddable":true,"href":"https:\/\/www.ntvsys.de\/wp\/wp-json\/wp\/v2\/media\/10394"}],"wp:attachment":[{"href":"https:\/\/www.ntvsys.de\/wp\/wp-json\/wp\/v2\/media?parent=8475"}],"wp:term":[{"taxonomy":"product_brand","embeddable":true,"href":"https:\/\/www.ntvsys.de\/wp\/wp-json\/wp\/v2\/product_brand?post=8475"},{"taxonomy":"product_cat","embeddable":true,"href":"https:\/\/www.ntvsys.de\/wp\/wp-json\/wp\/v2\/product_cat?post=8475"},{"taxonomy":"product_tag","embeddable":true,"href":"https:\/\/www.ntvsys.de\/wp\/wp-json\/wp\/v2\/product_tag?post=8475"}],"curies":[{"name":"wp","href":"https:\/\/api.w.org\/{rel}","templated":true}]}}