{"id":8536,"date":"2024-11-27T15:39:13","date_gmt":"2024-11-27T13:39:13","guid":{"rendered":"https:\/\/www.ntvsys.de\/wp\/produkt\/kingston-ddr5-modul-16-gb-so-dimm-262-pin-4800-mhz-pc5-38400-cl40-1-1-v-ungepuffert-on-die-ecc\/"},"modified":"2024-12-10T20:31:50","modified_gmt":"2024-12-10T18:31:50","slug":"kingston-ddr5-modul-16-gb-so-dimm-262-pin-4800-mhz-pc5-38400-cl40-1-1-v-ungepuffert-on-die-ecc","status":"publish","type":"product","link":"https:\/\/www.ntvsys.de\/wp\/produkt\/kingston-ddr5-modul-16-gb-so-dimm-262-pin-4800-mhz-pc5-38400-cl40-1-1-v-ungepuffert-on-die-ecc\/","title":{"rendered":"Kingston Technology KSM48T40BS8KM-16HM Speichermodul 16 GB 1 x 16 GB DDR5 4800 MHz"},"content":{"rendered":"<p>Kingston Technology KSM48T40BS8KM-16HM. Komponente f\u00fcr: Laptop, Speicherkapazit\u00e4t: 16 GB, Speicherlayout (Module x Gr\u00f6\u00dfe): 1 x 16 GB, Interner Speichertyp: DDR5, Speichertaktfrequenz: 4800 MHz, Memory Formfaktor: 262-pin SO-DIMM, CAS Latenz: 40<\/p>\n","protected":false},"excerpt":{"rendered":"<p>Kingston Technology KSM48T40BS8KM-16HM, 16 GB, 1 x 16 GB, DDR5, 4800 MHz, 262-pin SO-DIMM<\/p>\n","protected":false},"featured_media":10470,"comment_status":"open","ping_status":"closed","template":"","meta":[],"product_brand":[],"product_cat":[1166],"product_tag":[],"class_list":{"0":"post-8536","1":"product","2":"type-product","3":"status-publish","4":"has-post-thumbnail","6":"product_cat-speicher","8":"first","9":"instock","10":"taxable","11":"shipping-taxable","12":"purchasable","13":"product-type-simple"},"_links":{"self":[{"href":"https:\/\/www.ntvsys.de\/wp\/wp-json\/wp\/v2\/product\/8536","targetHints":{"allow":["GET"]}}],"collection":[{"href":"https:\/\/www.ntvsys.de\/wp\/wp-json\/wp\/v2\/product"}],"about":[{"href":"https:\/\/www.ntvsys.de\/wp\/wp-json\/wp\/v2\/types\/product"}],"replies":[{"embeddable":true,"href":"https:\/\/www.ntvsys.de\/wp\/wp-json\/wp\/v2\/comments?post=8536"}],"wp:featuredmedia":[{"embeddable":true,"href":"https:\/\/www.ntvsys.de\/wp\/wp-json\/wp\/v2\/media\/10470"}],"wp:attachment":[{"href":"https:\/\/www.ntvsys.de\/wp\/wp-json\/wp\/v2\/media?parent=8536"}],"wp:term":[{"taxonomy":"product_brand","embeddable":true,"href":"https:\/\/www.ntvsys.de\/wp\/wp-json\/wp\/v2\/product_brand?post=8536"},{"taxonomy":"product_cat","embeddable":true,"href":"https:\/\/www.ntvsys.de\/wp\/wp-json\/wp\/v2\/product_cat?post=8536"},{"taxonomy":"product_tag","embeddable":true,"href":"https:\/\/www.ntvsys.de\/wp\/wp-json\/wp\/v2\/product_tag?post=8536"}],"curies":[{"name":"wp","href":"https:\/\/api.w.org\/{rel}","templated":true}]}}