{"id":9072,"date":"2024-11-27T15:41:54","date_gmt":"2024-11-27T13:41:54","guid":{"rendered":"https:\/\/www.ntvsys.de\/wp\/produkt\/kingston-fury-beast-rgb-ddr5-kit-64-gb-2-x-32-gb-dimm-288-pin-6400-mhz-pc5-51200-cl32-1-4-v-ungepuffert-on-die-ecc-weiss\/"},"modified":"2024-12-10T20:33:19","modified_gmt":"2024-12-10T18:33:19","slug":"kingston-fury-beast-rgb-ddr5-kit-64-gb-2-x-32-gb-dimm-288-pin-6400-mhz-pc5-51200-cl32-1-4-v-ungepuffert-on-die-ecc-weiss","status":"publish","type":"product","link":"https:\/\/www.ntvsys.de\/wp\/produkt\/kingston-fury-beast-rgb-ddr5-kit-64-gb-2-x-32-gb-dimm-288-pin-6400-mhz-pc5-51200-cl32-1-4-v-ungepuffert-on-die-ecc-weiss\/","title":{"rendered":"Kingston Technology FURY Beast 64GB 6400MT\/s DDR5 CL32 DIMM (2er-Kit) White RGB XMP"},"content":{"rendered":"<p>Kingston Technology FURY Beast 64GB 6400MT\/s DDR5 CL32 DIMM (2er-Kit) White RGB XMP. Komponente f\u00fcr: PC, Speicherkapazit\u00e4t: 64 GB, Speicherlayout (Module x Gr\u00f6\u00dfe): 2 x 32 GB, Interner Speichertyp: DDR5, Memory Formfaktor: 288-pin DIMM, CAS Latenz: 32, ECC, Produktfarbe: Wei\u00df<\/p>\n","protected":false},"excerpt":{"rendered":"<p>Kingston Technology FURY Beast 64GB 6400MT\/s DDR5 CL32 DIMM (2er-Kit) White RGB XMP, 64 GB, 2 x 32 GB, DDR5, 288-pin DIMM, Wei\u00df<\/p>\n","protected":false},"featured_media":11136,"comment_status":"open","ping_status":"closed","template":"","meta":[],"product_brand":[],"product_cat":[1166],"product_tag":[],"class_list":{"0":"post-9072","1":"product","2":"type-product","3":"status-publish","4":"has-post-thumbnail","6":"product_cat-speicher","8":"first","9":"outofstock","10":"taxable","11":"shipping-taxable","12":"purchasable","13":"product-type-simple"},"_links":{"self":[{"href":"https:\/\/www.ntvsys.de\/wp\/wp-json\/wp\/v2\/product\/9072","targetHints":{"allow":["GET"]}}],"collection":[{"href":"https:\/\/www.ntvsys.de\/wp\/wp-json\/wp\/v2\/product"}],"about":[{"href":"https:\/\/www.ntvsys.de\/wp\/wp-json\/wp\/v2\/types\/product"}],"replies":[{"embeddable":true,"href":"https:\/\/www.ntvsys.de\/wp\/wp-json\/wp\/v2\/comments?post=9072"}],"wp:featuredmedia":[{"embeddable":true,"href":"https:\/\/www.ntvsys.de\/wp\/wp-json\/wp\/v2\/media\/11136"}],"wp:attachment":[{"href":"https:\/\/www.ntvsys.de\/wp\/wp-json\/wp\/v2\/media?parent=9072"}],"wp:term":[{"taxonomy":"product_brand","embeddable":true,"href":"https:\/\/www.ntvsys.de\/wp\/wp-json\/wp\/v2\/product_brand?post=9072"},{"taxonomy":"product_cat","embeddable":true,"href":"https:\/\/www.ntvsys.de\/wp\/wp-json\/wp\/v2\/product_cat?post=9072"},{"taxonomy":"product_tag","embeddable":true,"href":"https:\/\/www.ntvsys.de\/wp\/wp-json\/wp\/v2\/product_tag?post=9072"}],"curies":[{"name":"wp","href":"https:\/\/api.w.org\/{rel}","templated":true}]}}