{"id":9157,"date":"2024-11-27T15:42:20","date_gmt":"2024-11-27T13:42:20","guid":{"rendered":"https:\/\/www.ntvsys.de\/wp\/produkt\/lenovo-thinkpad-x1-2-in-1-gen-9-21ke-flip-design-intel-core-ultra-5-125u-1-3-ghz-evo-win-11-pro-intel-graphics-32-gb-ram-1-tb-ssd-tcg-opal-encryption-2-nvme-performance-35-6-cm-14-3\/"},"modified":"2024-12-10T20:33:12","modified_gmt":"2024-12-10T18:33:12","slug":"lenovo-thinkpad-x1-2-in-1-gen-9-21ke-flip-design-intel-core-ultra-5-125u-1-3-ghz-evo-win-11-pro-intel-graphics-32-gb-ram-1-tb-ssd-tcg-opal-encryption-2-nvme-performance-35-6-cm-14-3","status":"publish","type":"product","link":"https:\/\/www.ntvsys.de\/wp\/produkt\/lenovo-thinkpad-x1-2-in-1-gen-9-21ke-flip-design-intel-core-ultra-5-125u-1-3-ghz-evo-win-11-pro-intel-graphics-32-gb-ram-1-tb-ssd-tcg-opal-encryption-2-nvme-performance-35-6-cm-14-3\/","title":{"rendered":"Lenovo ThinkPad X1 2-in-1 Intel Core Ultra 5 125U Hybrid (2-in-1) 35,6 cm (14&#8243;) Touchscreen WUXGA 32 GB LPDDR5x-SDRAM 1 TB SSD Wi-Fi 6E (802.11ax) Windows 11 Pro Grau"},"content":{"rendered":"<p>Lenovo ThinkPad X1 2-in-1. Produkttyp: Hybrid (2-in-1), Formfaktor: Convertible (Ordner). Prozessorfamilie: Intel Core Ultra 5, Prozessor: 125U. Bildschirmdiagonale: 35,6 cm (14&#8243;), HD-Typ: WUXGA, Display-Aufl\u00f6sung: 1920 x 1200 Pixel, Touchscreen. Speicherkapazit\u00e4t: 32 GB, Interner Speichertyp: LPDDR5x-SDRAM. Gesamtspeicherkapazit\u00e4t: 1 TB, Speichermedien: SSD. Mobilfunknetzgenerierung: 5G. Installiertes Betriebssystem: Windows 11 Pro. Produktfarbe: Grau<\/p>\n","protected":false},"excerpt":{"rendered":"<p>Lenovo ThinkPad X1 2-in-1, Intel Core Ultra 5, 35,6 cm (14&#8243;), 1920 x 1200 Pixel, 32 GB, 1 TB, Windows 11 Pro<\/p>\n","protected":false},"featured_media":11245,"comment_status":"open","ping_status":"closed","template":"","meta":[],"product_brand":[],"product_cat":[1675],"product_tag":[],"class_list":{"0":"post-9157","1":"product","2":"type-product","3":"status-publish","4":"has-post-thumbnail","6":"product_cat-notebooks","8":"first","9":"instock","10":"taxable","11":"shipping-taxable","12":"purchasable","13":"product-type-simple"},"_links":{"self":[{"href":"https:\/\/www.ntvsys.de\/wp\/wp-json\/wp\/v2\/product\/9157","targetHints":{"allow":["GET"]}}],"collection":[{"href":"https:\/\/www.ntvsys.de\/wp\/wp-json\/wp\/v2\/product"}],"about":[{"href":"https:\/\/www.ntvsys.de\/wp\/wp-json\/wp\/v2\/types\/product"}],"replies":[{"embeddable":true,"href":"https:\/\/www.ntvsys.de\/wp\/wp-json\/wp\/v2\/comments?post=9157"}],"wp:featuredmedia":[{"embeddable":true,"href":"https:\/\/www.ntvsys.de\/wp\/wp-json\/wp\/v2\/media\/11245"}],"wp:attachment":[{"href":"https:\/\/www.ntvsys.de\/wp\/wp-json\/wp\/v2\/media?parent=9157"}],"wp:term":[{"taxonomy":"product_brand","embeddable":true,"href":"https:\/\/www.ntvsys.de\/wp\/wp-json\/wp\/v2\/product_brand?post=9157"},{"taxonomy":"product_cat","embeddable":true,"href":"https:\/\/www.ntvsys.de\/wp\/wp-json\/wp\/v2\/product_cat?post=9157"},{"taxonomy":"product_tag","embeddable":true,"href":"https:\/\/www.ntvsys.de\/wp\/wp-json\/wp\/v2\/product_tag?post=9157"}],"curies":[{"name":"wp","href":"https:\/\/api.w.org\/{rel}","templated":true}]}}