{"id":9162,"date":"2024-11-27T15:42:21","date_gmt":"2024-11-27T13:42:21","guid":{"rendered":"https:\/\/www.ntvsys.de\/wp\/produkt\/kingston-fury-beast-rgb-ddr5-modul-32-gb-dimm-288-pin-6000-mhz-pc5-48000-cl30-1-4-v-ungepuffert-on-die-ecc-weiss\/"},"modified":"2024-12-10T20:33:21","modified_gmt":"2024-12-10T18:33:21","slug":"kingston-fury-beast-rgb-ddr5-modul-32-gb-dimm-288-pin-6000-mhz-pc5-48000-cl30-1-4-v-ungepuffert-on-die-ecc-weiss","status":"publish","type":"product","link":"https:\/\/www.ntvsys.de\/wp\/produkt\/kingston-fury-beast-rgb-ddr5-modul-32-gb-dimm-288-pin-6000-mhz-pc5-48000-cl30-1-4-v-ungepuffert-on-die-ecc-weiss\/","title":{"rendered":"Kingston Technology FURY Beast 32GB 6000MT\/s DDR5 CL30 DIMM White RGB XMP"},"content":{"rendered":"<p>Kingston Technology FURY Beast 32GB 6000MT\/s DDR5 CL30 DIMM White RGB XMP. Komponente f\u00fcr: PC, Speicherkapazit\u00e4t: 32 GB, Speicherlayout (Module x Gr\u00f6\u00dfe): 1 x 32 GB, Interner Speichertyp: DDR5, Memory Formfaktor: 288-pin DIMM, CAS Latenz: 30, ECC, Produktfarbe: Wei\u00df<\/p>\n","protected":false},"excerpt":{"rendered":"<p>Kingston Technology FURY Beast 32GB 6000MT\/s DDR5 CL30 DIMM White RGB XMP, 32 GB, 1 x 32 GB, DDR5, 288-pin DIMM, Wei\u00df<\/p>\n","protected":false},"featured_media":11253,"comment_status":"open","ping_status":"closed","template":"","meta":[],"product_brand":[],"product_cat":[1166],"product_tag":[],"class_list":{"0":"post-9162","1":"product","2":"type-product","3":"status-publish","4":"has-post-thumbnail","6":"product_cat-speicher","8":"first","9":"outofstock","10":"taxable","11":"shipping-taxable","12":"purchasable","13":"product-type-simple"},"_links":{"self":[{"href":"https:\/\/www.ntvsys.de\/wp\/wp-json\/wp\/v2\/product\/9162","targetHints":{"allow":["GET"]}}],"collection":[{"href":"https:\/\/www.ntvsys.de\/wp\/wp-json\/wp\/v2\/product"}],"about":[{"href":"https:\/\/www.ntvsys.de\/wp\/wp-json\/wp\/v2\/types\/product"}],"replies":[{"embeddable":true,"href":"https:\/\/www.ntvsys.de\/wp\/wp-json\/wp\/v2\/comments?post=9162"}],"wp:featuredmedia":[{"embeddable":true,"href":"https:\/\/www.ntvsys.de\/wp\/wp-json\/wp\/v2\/media\/11253"}],"wp:attachment":[{"href":"https:\/\/www.ntvsys.de\/wp\/wp-json\/wp\/v2\/media?parent=9162"}],"wp:term":[{"taxonomy":"product_brand","embeddable":true,"href":"https:\/\/www.ntvsys.de\/wp\/wp-json\/wp\/v2\/product_brand?post=9162"},{"taxonomy":"product_cat","embeddable":true,"href":"https:\/\/www.ntvsys.de\/wp\/wp-json\/wp\/v2\/product_cat?post=9162"},{"taxonomy":"product_tag","embeddable":true,"href":"https:\/\/www.ntvsys.de\/wp\/wp-json\/wp\/v2\/product_tag?post=9162"}],"curies":[{"name":"wp","href":"https:\/\/api.w.org\/{rel}","templated":true}]}}