{"id":9239,"date":"2024-11-27T15:42:43","date_gmt":"2024-11-27T13:42:43","guid":{"rendered":"https:\/\/www.ntvsys.de\/wp\/produkt\/kingston-fury-beast-ddr5-kit-32-gb-2-x-16-gb-dimm-288-pin-6000-mhz-pc5-48000-cl30-1-4-v-ungepuffert-on-die-ecc-schwarz\/"},"modified":"2024-12-10T20:32:55","modified_gmt":"2024-12-10T18:32:55","slug":"kingston-fury-beast-ddr5-kit-32-gb-2-x-16-gb-dimm-288-pin-6000-mhz-pc5-48000-cl30-1-4-v-ungepuffert-on-die-ecc-schwarz","status":"publish","type":"product","link":"https:\/\/www.ntvsys.de\/wp\/produkt\/kingston-fury-beast-ddr5-kit-32-gb-2-x-16-gb-dimm-288-pin-6000-mhz-pc5-48000-cl30-1-4-v-ungepuffert-on-die-ecc-schwarz\/","title":{"rendered":"Kingston Technology FURY Beast 32 GB 6000 MT\/s DDR5 CL30 DIMM (Kit of 2) Black XMP"},"content":{"rendered":"<p>Kingston Technology FURY Beast 32 GB 6000 MT\/s DDR5 CL30 DIMM (Kit of 2) Black XMP. Komponente f\u00fcr: PC, Speicherkapazit\u00e4t: 32 GB, Speicherlayout (Module x Gr\u00f6\u00dfe): 2 x 16 GB, Interner Speichertyp: DDR5, Speichertaktfrequenz: 3000 MHz, Memory Formfaktor: 288-pin DIMM, CAS Latenz: 30, Produktfarbe: Schwarz<\/p>\n","protected":false},"excerpt":{"rendered":"<p>Kingston Technology FURY Beast 32 GB 6000 MT\/s DDR5 CL30 DIMM (Kit of 2) Black XMP, 32 GB, 2 x 16 GB, DDR5, 3000 MHz, 288-pin DIMM, Schwarz<\/p>\n","protected":false},"featured_media":11339,"comment_status":"open","ping_status":"closed","template":"","meta":[],"product_brand":[],"product_cat":[1166],"product_tag":[],"class_list":{"0":"post-9239","1":"product","2":"type-product","3":"status-publish","4":"has-post-thumbnail","6":"product_cat-speicher","8":"first","9":"instock","10":"taxable","11":"shipping-taxable","12":"purchasable","13":"product-type-simple"},"_links":{"self":[{"href":"https:\/\/www.ntvsys.de\/wp\/wp-json\/wp\/v2\/product\/9239","targetHints":{"allow":["GET"]}}],"collection":[{"href":"https:\/\/www.ntvsys.de\/wp\/wp-json\/wp\/v2\/product"}],"about":[{"href":"https:\/\/www.ntvsys.de\/wp\/wp-json\/wp\/v2\/types\/product"}],"replies":[{"embeddable":true,"href":"https:\/\/www.ntvsys.de\/wp\/wp-json\/wp\/v2\/comments?post=9239"}],"wp:featuredmedia":[{"embeddable":true,"href":"https:\/\/www.ntvsys.de\/wp\/wp-json\/wp\/v2\/media\/11339"}],"wp:attachment":[{"href":"https:\/\/www.ntvsys.de\/wp\/wp-json\/wp\/v2\/media?parent=9239"}],"wp:term":[{"taxonomy":"product_brand","embeddable":true,"href":"https:\/\/www.ntvsys.de\/wp\/wp-json\/wp\/v2\/product_brand?post=9239"},{"taxonomy":"product_cat","embeddable":true,"href":"https:\/\/www.ntvsys.de\/wp\/wp-json\/wp\/v2\/product_cat?post=9239"},{"taxonomy":"product_tag","embeddable":true,"href":"https:\/\/www.ntvsys.de\/wp\/wp-json\/wp\/v2\/product_tag?post=9239"}],"curies":[{"name":"wp","href":"https:\/\/api.w.org\/{rel}","templated":true}]}}