{"id":9282,"date":"2024-11-27T15:42:56","date_gmt":"2024-11-27T13:42:56","guid":{"rendered":"https:\/\/www.ntvsys.de\/wp\/produkt\/dell-precision-5690-intel-core-ultra-7-165h-1-4-ghz-win-11-pro-rtx-1000-ada-32-gb-ram-1-tb-ssd-nvme-class-40-40-64-cm-16-ips-1920-x-1200-full-hd-plus-wi-fi-7-titangrau-eloxiert\/"},"modified":"2024-12-10T20:35:46","modified_gmt":"2024-12-10T18:35:46","slug":"dell-precision-5690-intel-core-ultra-7-165h-1-4-ghz-win-11-pro-rtx-1000-ada-32-gb-ram-1-tb-ssd-nvme-class-40-40-64-cm-16-ips-1920-x-1200-full-hd-plus-wi-fi-7-titangrau-eloxiert","status":"publish","type":"product","link":"https:\/\/www.ntvsys.de\/wp\/produkt\/dell-precision-5690-intel-core-ultra-7-165h-1-4-ghz-win-11-pro-rtx-1000-ada-32-gb-ram-1-tb-ssd-nvme-class-40-40-64-cm-16-ips-1920-x-1200-full-hd-plus-wi-fi-7-titangrau-eloxiert\/","title":{"rendered":"DELL Precision 5690 Intel Core Ultra 7 165H Mobiler Arbeitsplatz 40,6 cm (16&#8243;) Full HD+ 32 GB LPDDR5x-SDRAM 1 TB SSD NVIDIA RTX 1000 Ada Wi-Fi 7 (802.11be) Windows 11 Pro Grau"},"content":{"rendered":"<p>DELL Precision 5690. Produkttyp: Mobiler Arbeitsplatz, Formfaktor: Klappgeh\u00e4use. Prozessorfamilie: Intel Core Ultra 7, Prozessor: 165H. Bildschirmdiagonale: 40,6 cm (16&#8243;), HD-Typ: Full HD+, Display-Aufl\u00f6sung: 1920 x 1200 Pixel. Speicherkapazit\u00e4t: 32 GB, Interner Speichertyp: LPDDR5x-SDRAM. Gesamtspeicherkapazit\u00e4t: 1 TB, Speichermedien: SSD. Eingebautes Grafikkartenmodell: Intel Arc Graphics, Separates Grafikkartenmodell: NVIDIA RTX 1000 Ada. Installiertes Betriebssystem: Windows 11 Pro. Produktfarbe: Grau<\/p>\n","protected":false},"excerpt":{"rendered":"<p>DELL Precision 5690, Intel Core Ultra 7, 40,6 cm (16&#8243;), 1920 x 1200 Pixel, 32 GB, 1 TB, Windows 11 Pro<\/p>\n","protected":false},"featured_media":11396,"comment_status":"open","ping_status":"closed","template":"","meta":[],"product_brand":[],"product_cat":[1818],"product_tag":[],"class_list":{"0":"post-9282","1":"product","2":"type-product","3":"status-publish","4":"has-post-thumbnail","6":"product_cat-mobile-workstations","8":"first","9":"instock","10":"taxable","11":"shipping-taxable","12":"purchasable","13":"product-type-simple"},"_links":{"self":[{"href":"https:\/\/www.ntvsys.de\/wp\/wp-json\/wp\/v2\/product\/9282","targetHints":{"allow":["GET"]}}],"collection":[{"href":"https:\/\/www.ntvsys.de\/wp\/wp-json\/wp\/v2\/product"}],"about":[{"href":"https:\/\/www.ntvsys.de\/wp\/wp-json\/wp\/v2\/types\/product"}],"replies":[{"embeddable":true,"href":"https:\/\/www.ntvsys.de\/wp\/wp-json\/wp\/v2\/comments?post=9282"}],"wp:featuredmedia":[{"embeddable":true,"href":"https:\/\/www.ntvsys.de\/wp\/wp-json\/wp\/v2\/media\/11396"}],"wp:attachment":[{"href":"https:\/\/www.ntvsys.de\/wp\/wp-json\/wp\/v2\/media?parent=9282"}],"wp:term":[{"taxonomy":"product_brand","embeddable":true,"href":"https:\/\/www.ntvsys.de\/wp\/wp-json\/wp\/v2\/product_brand?post=9282"},{"taxonomy":"product_cat","embeddable":true,"href":"https:\/\/www.ntvsys.de\/wp\/wp-json\/wp\/v2\/product_cat?post=9282"},{"taxonomy":"product_tag","embeddable":true,"href":"https:\/\/www.ntvsys.de\/wp\/wp-json\/wp\/v2\/product_tag?post=9282"}],"curies":[{"name":"wp","href":"https:\/\/api.w.org\/{rel}","templated":true}]}}