{"id":9422,"date":"2024-11-27T15:43:36","date_gmt":"2024-11-27T13:43:36","guid":{"rendered":"https:\/\/www.ntvsys.de\/wp\/produkt\/dell-latitude-3540-intel-core-i5-1335u-1-3-ghz-win-11-pro-intel-iris-xe-grafikkarte-16-gb-ram-512-gb-ssd-nvme-class-35-39-6-cm-15-6-ips-1920-x-1080-full-hd-wi-fi-6e-grau-kbd\/"},"modified":"2024-11-27T15:54:34","modified_gmt":"2024-11-27T13:54:34","slug":"dell-latitude-3540-intel-core-i5-1335u-1-3-ghz-win-11-pro-intel-iris-xe-grafikkarte-16-gb-ram-512-gb-ssd-nvme-class-35-39-6-cm-15-6-ips-1920-x-1080-full-hd-wi-fi-6e-grau-kbd","status":"publish","type":"product","link":"https:\/\/www.ntvsys.de\/wp\/produkt\/dell-latitude-3540-intel-core-i5-1335u-1-3-ghz-win-11-pro-intel-iris-xe-grafikkarte-16-gb-ram-512-gb-ssd-nvme-class-35-39-6-cm-15-6-ips-1920-x-1080-full-hd-wi-fi-6e-grau-kbd\/","title":{"rendered":"DELL Latitude 3540 Intel\u00ae Core\u2122 i5 i5-1335U Laptop 39,6 cm (15.6&#8243;) Full HD 16 GB DDR4-SDRAM 512 GB SSD Wi-Fi 6E (802.11ax) Windows 11 Pro Grau"},"content":{"rendered":"<p>DELL Latitude 3540. Produkttyp: Laptop, Formfaktor: Klappgeh\u00e4use. Prozessorfamilie: Intel\u00ae Core\u2122 i5, Prozessor: i5-1335U. Bildschirmdiagonale: 39,6 cm (15.6&#8243;), HD-Typ: Full HD, Display-Aufl\u00f6sung: 1920 x 1080 Pixel. Speicherkapazit\u00e4t: 16 GB, Interner Speichertyp: DDR4-SDRAM. Gesamtspeicherkapazit\u00e4t: 512 GB, Speichermedien: SSD. Eingebautes Grafikkartenmodell: Intel Iris Xe Graphics. Installiertes Betriebssystem: Windows 11 Pro. Produktfarbe: Grau. Gewicht: 1,81 kg<\/p>\n","protected":false},"excerpt":{"rendered":"<p>DELL Latitude 3540, Intel\u00ae Core\u2122 i5, 39,6 cm (15.6&#8243;), 1920 x 1080 Pixel, 16 GB, 512 GB, Windows 11 Pro<\/p>\n","protected":false},"featured_media":11557,"comment_status":"open","ping_status":"closed","template":"","meta":[],"product_brand":[],"product_cat":[1675],"product_tag":[],"class_list":{"0":"post-9422","1":"product","2":"type-product","3":"status-publish","4":"has-post-thumbnail","6":"product_cat-notebooks","8":"first","9":"instock","10":"taxable","11":"shipping-taxable","12":"product-type-simple"},"_links":{"self":[{"href":"https:\/\/www.ntvsys.de\/wp\/wp-json\/wp\/v2\/product\/9422","targetHints":{"allow":["GET"]}}],"collection":[{"href":"https:\/\/www.ntvsys.de\/wp\/wp-json\/wp\/v2\/product"}],"about":[{"href":"https:\/\/www.ntvsys.de\/wp\/wp-json\/wp\/v2\/types\/product"}],"replies":[{"embeddable":true,"href":"https:\/\/www.ntvsys.de\/wp\/wp-json\/wp\/v2\/comments?post=9422"}],"wp:featuredmedia":[{"embeddable":true,"href":"https:\/\/www.ntvsys.de\/wp\/wp-json\/wp\/v2\/media\/11557"}],"wp:attachment":[{"href":"https:\/\/www.ntvsys.de\/wp\/wp-json\/wp\/v2\/media?parent=9422"}],"wp:term":[{"taxonomy":"product_brand","embeddable":true,"href":"https:\/\/www.ntvsys.de\/wp\/wp-json\/wp\/v2\/product_brand?post=9422"},{"taxonomy":"product_cat","embeddable":true,"href":"https:\/\/www.ntvsys.de\/wp\/wp-json\/wp\/v2\/product_cat?post=9422"},{"taxonomy":"product_tag","embeddable":true,"href":"https:\/\/www.ntvsys.de\/wp\/wp-json\/wp\/v2\/product_tag?post=9422"}],"curies":[{"name":"wp","href":"https:\/\/api.w.org\/{rel}","templated":true}]}}