{"id":9441,"date":"2024-11-27T15:43:42","date_gmt":"2024-11-27T13:43:42","guid":{"rendered":"https:\/\/www.ntvsys.de\/wp\/produkt\/dell-kunden-kit-festplatte-2-4-tb-hot-swap-2-5-6-4-cm-sas-12gb-s-10000-rpm-fuer-poweredge-r450-r550-r650-r660-r740-r7415-r7425-r750-r760-r7615-r7625-r840-t550\/"},"modified":"2026-02-08T12:50:43","modified_gmt":"2026-02-08T10:50:43","slug":"dell-kunden-kit-festplatte-2-4-tb-hot-swap-2-5-6-4-cm-sas-12gb-s-10000-rpm-fuer-poweredge-r450-r550-r650-r660-r740-r7415-r7425-r750-r760-r7615-r7625-r840-t550","status":"publish","type":"product","link":"https:\/\/www.ntvsys.de\/wp\/produkt\/dell-kunden-kit-festplatte-2-4-tb-hot-swap-2-5-6-4-cm-sas-12gb-s-10000-rpm-fuer-poweredge-r450-r550-r650-r660-r740-r7415-r7425-r750-r760-r7615-r7625-r840-t550\/","title":{"rendered":"DELL 161-BCLH Interne Festplatte 2,4 TB 10000 RPM 2.5&#8243; SAS"},"content":{"rendered":"<p>DELL 161-BCLH. HDD Kapazit\u00e4t: 2,4 TB, HDD Geschwindigkeit: 10000 RPM, HDD Gr\u00f6\u00dfe: 2.5&#8243;, Schnittstelle: SAS<\/p>\n","protected":false},"excerpt":{"rendered":"<p>DELL 161-BCLH, 2,4 TB, 10000 RPM, 2.5&#8243;, SAS<\/p>\n","protected":false},"featured_media":11588,"comment_status":"open","ping_status":"closed","template":"","meta":[],"product_brand":[],"product_cat":[1115],"product_tag":[],"class_list":{"0":"post-9441","1":"product","2":"type-product","3":"status-publish","4":"has-post-thumbnail","6":"product_cat-interne-festplatten","8":"first","9":"outofstock","10":"taxable","11":"shipping-taxable","12":"purchasable","13":"product-type-simple"},"_links":{"self":[{"href":"https:\/\/www.ntvsys.de\/wp\/wp-json\/wp\/v2\/product\/9441","targetHints":{"allow":["GET"]}}],"collection":[{"href":"https:\/\/www.ntvsys.de\/wp\/wp-json\/wp\/v2\/product"}],"about":[{"href":"https:\/\/www.ntvsys.de\/wp\/wp-json\/wp\/v2\/types\/product"}],"replies":[{"embeddable":true,"href":"https:\/\/www.ntvsys.de\/wp\/wp-json\/wp\/v2\/comments?post=9441"}],"wp:featuredmedia":[{"embeddable":true,"href":"https:\/\/www.ntvsys.de\/wp\/wp-json\/wp\/v2\/media\/11588"}],"wp:attachment":[{"href":"https:\/\/www.ntvsys.de\/wp\/wp-json\/wp\/v2\/media?parent=9441"}],"wp:term":[{"taxonomy":"product_brand","embeddable":true,"href":"https:\/\/www.ntvsys.de\/wp\/wp-json\/wp\/v2\/product_brand?post=9441"},{"taxonomy":"product_cat","embeddable":true,"href":"https:\/\/www.ntvsys.de\/wp\/wp-json\/wp\/v2\/product_cat?post=9441"},{"taxonomy":"product_tag","embeddable":true,"href":"https:\/\/www.ntvsys.de\/wp\/wp-json\/wp\/v2\/product_tag?post=9441"}],"curies":[{"name":"wp","href":"https:\/\/api.w.org\/{rel}","templated":true}]}}