{"id":9773,"date":"2024-11-27T15:45:19","date_gmt":"2024-11-27T13:45:19","guid":{"rendered":"https:\/\/www.ntvsys.de\/wp\/produkt\/kingston-ddr5-modul-64-gb-dimm-288-pin-4800-mhz-pc5-38400-cl40-1-1-v-registriert-on-die-ecc-2\/"},"modified":"2024-11-27T15:57:11","modified_gmt":"2024-11-27T13:57:11","slug":"kingston-ddr5-modul-64-gb-dimm-288-pin-4800-mhz-pc5-38400-cl40-1-1-v-registriert-on-die-ecc-2","status":"publish","type":"product","link":"https:\/\/www.ntvsys.de\/wp\/produkt\/kingston-ddr5-modul-64-gb-dimm-288-pin-4800-mhz-pc5-38400-cl40-1-1-v-registriert-on-die-ecc-2\/","title":{"rendered":"Kingston Technology KSM48R40BD4-64HA Speichermodul 64 GB 1 x 64 GB DDR5"},"content":{"rendered":"<p>Kingston Technology KSM48R40BD4-64HA. Komponente f\u00fcr: PC \/ Server, Speicherkapazit\u00e4t: 64 GB, Speicherlayout (Module x Gr\u00f6\u00dfe): 1 x 64 GB, Interner Speichertyp: DDR5, Memory Formfaktor: 288-pin DIMM, CAS Latenz: 40<\/p>\n","protected":false},"excerpt":{"rendered":"<p>Kingston Technology KSM48R40BD4-64HA, 64 GB, 1 x 64 GB, DDR5, 288-pin DIMM<\/p>\n","protected":false},"featured_media":12051,"comment_status":"open","ping_status":"closed","template":"","meta":[],"product_brand":[],"product_cat":[1166],"product_tag":[],"class_list":{"0":"post-9773","1":"product","2":"type-product","3":"status-publish","4":"has-post-thumbnail","6":"product_cat-speicher","8":"first","9":"instock","10":"taxable","11":"shipping-taxable","12":"product-type-simple"},"_links":{"self":[{"href":"https:\/\/www.ntvsys.de\/wp\/wp-json\/wp\/v2\/product\/9773","targetHints":{"allow":["GET"]}}],"collection":[{"href":"https:\/\/www.ntvsys.de\/wp\/wp-json\/wp\/v2\/product"}],"about":[{"href":"https:\/\/www.ntvsys.de\/wp\/wp-json\/wp\/v2\/types\/product"}],"replies":[{"embeddable":true,"href":"https:\/\/www.ntvsys.de\/wp\/wp-json\/wp\/v2\/comments?post=9773"}],"wp:featuredmedia":[{"embeddable":true,"href":"https:\/\/www.ntvsys.de\/wp\/wp-json\/wp\/v2\/media\/12051"}],"wp:attachment":[{"href":"https:\/\/www.ntvsys.de\/wp\/wp-json\/wp\/v2\/media?parent=9773"}],"wp:term":[{"taxonomy":"product_brand","embeddable":true,"href":"https:\/\/www.ntvsys.de\/wp\/wp-json\/wp\/v2\/product_brand?post=9773"},{"taxonomy":"product_cat","embeddable":true,"href":"https:\/\/www.ntvsys.de\/wp\/wp-json\/wp\/v2\/product_cat?post=9773"},{"taxonomy":"product_tag","embeddable":true,"href":"https:\/\/www.ntvsys.de\/wp\/wp-json\/wp\/v2\/product_tag?post=9773"}],"curies":[{"name":"wp","href":"https:\/\/api.w.org\/{rel}","templated":true}]}}