{"id":9842,"date":"2024-11-27T15:45:40","date_gmt":"2024-11-27T13:45:40","guid":{"rendered":"https:\/\/www.ntvsys.de\/wp\/produkt\/lenovo-thinkpad-p14s-gen-5-21g2-intel-core-ultra-7-155h-1-4-ghz-win-11-pro-rtx-500-ada-32-gb-ram-1-tb-ssd-tcg-opal-encryption-2-nvme-performance-36-8-cm-14-5-ips-2560-x-1600-wqxga\/"},"modified":"2024-12-10T20:31:41","modified_gmt":"2024-12-10T18:31:41","slug":"lenovo-thinkpad-p14s-gen-5-21g2-intel-core-ultra-7-155h-1-4-ghz-win-11-pro-rtx-500-ada-32-gb-ram-1-tb-ssd-tcg-opal-encryption-2-nvme-performance-36-8-cm-14-5-ips-2560-x-1600-wqxga","status":"publish","type":"product","link":"https:\/\/www.ntvsys.de\/wp\/produkt\/lenovo-thinkpad-p14s-gen-5-21g2-intel-core-ultra-7-155h-1-4-ghz-win-11-pro-rtx-500-ada-32-gb-ram-1-tb-ssd-tcg-opal-encryption-2-nvme-performance-36-8-cm-14-5-ips-2560-x-1600-wqxga\/","title":{"rendered":"Lenovo ThinkPad P14s Gen 5 (Intel) Intel Core Ultra 7 155H Laptop 36,8 cm (14.5&#8243;) Touchscreen WQXGA 32 GB DDR5-SDRAM 1 TB SSD NVIDIA RTX 500 Ada Wi-Fi 6E (802.11ax) Windows 11 Pro Schwarz"},"content":{"rendered":"<p>Lenovo ThinkPad P14s Gen 5 (Intel). Produkttyp: Laptop, Formfaktor: Klappgeh\u00e4use. Prozessorfamilie: Intel Core Ultra 7, Prozessor: 155H. Bildschirmdiagonale: 36,8 cm (14.5&#8243;), HD-Typ: WQXGA, Display-Aufl\u00f6sung: 2560 x 1600 Pixel, Touchscreen. Speicherkapazit\u00e4t: 32 GB, Interner Speichertyp: DDR5-SDRAM. Gesamtspeicherkapazit\u00e4t: 1 TB, Speichermedien: SSD. Eingebautes Grafikkartenmodell: Intel Arc Graphics. Installiertes Betriebssystem: Windows 11 Pro. Produktfarbe: Schwarz<\/p>\n","protected":false},"excerpt":{"rendered":"<p>Lenovo ThinkPad P14s Gen 5 (Intel), Intel Core Ultra 7, 36,8 cm (14.5&#8243;), 2560 x 1600 Pixel, 32 GB, 1 TB, Windows 11 Pro<\/p>\n","protected":false},"featured_media":12122,"comment_status":"open","ping_status":"closed","template":"","meta":[],"product_brand":[],"product_cat":[1064],"product_tag":[],"class_list":{"0":"post-9842","1":"product","2":"type-product","3":"status-publish","4":"has-post-thumbnail","6":"product_cat-notebook","8":"first","9":"instock","10":"taxable","11":"shipping-taxable","12":"purchasable","13":"product-type-simple"},"_links":{"self":[{"href":"https:\/\/www.ntvsys.de\/wp\/wp-json\/wp\/v2\/product\/9842","targetHints":{"allow":["GET"]}}],"collection":[{"href":"https:\/\/www.ntvsys.de\/wp\/wp-json\/wp\/v2\/product"}],"about":[{"href":"https:\/\/www.ntvsys.de\/wp\/wp-json\/wp\/v2\/types\/product"}],"replies":[{"embeddable":true,"href":"https:\/\/www.ntvsys.de\/wp\/wp-json\/wp\/v2\/comments?post=9842"}],"wp:featuredmedia":[{"embeddable":true,"href":"https:\/\/www.ntvsys.de\/wp\/wp-json\/wp\/v2\/media\/12122"}],"wp:attachment":[{"href":"https:\/\/www.ntvsys.de\/wp\/wp-json\/wp\/v2\/media?parent=9842"}],"wp:term":[{"taxonomy":"product_brand","embeddable":true,"href":"https:\/\/www.ntvsys.de\/wp\/wp-json\/wp\/v2\/product_brand?post=9842"},{"taxonomy":"product_cat","embeddable":true,"href":"https:\/\/www.ntvsys.de\/wp\/wp-json\/wp\/v2\/product_cat?post=9842"},{"taxonomy":"product_tag","embeddable":true,"href":"https:\/\/www.ntvsys.de\/wp\/wp-json\/wp\/v2\/product_tag?post=9842"}],"curies":[{"name":"wp","href":"https:\/\/api.w.org\/{rel}","templated":true}]}}